{"id":1211,"date":"2023-05-26T11:57:44","date_gmt":"2023-05-26T09:57:44","guid":{"rendered":"https:\/\/www.havana-gym.com\/e-book-laden\/"},"modified":"2023-06-03T15:40:59","modified_gmt":"2023-06-03T13:40:59","slug":"e-book-laden","status":"publish","type":"page","link":"https:\/\/www.havana-gym.com\/de\/e-book-laden\/","title":{"rendered":"E-Book laden"},"content":{"rendered":"<div class=\"wpb-content-wrapper\"><p>[vc_row css_animation=&#8220;&#8220; row_type=&#8220;row&#8220; use_row_as_full_screen_section=&#8220;no&#8220; type=&#8220;grid&#8220; angled_section=&#8220;no&#8220; text_align=&#8220;left&#8220; background_image_as_pattern=&#8220;without_pattern&#8220; css=&#8220;.vc_custom_1684916401818{padding-top: 60px !important;padding-bottom: 60px !important;}&#8220; z_index=&#8220;&#8220;][vc_column][vc_column_text css=&#8220;.vc_custom_1685799631862{padding-top: 50px !important;padding-bottom: 50px !important;}&#8220;]<\/p>\n<p style=\"text-align: center;\">Herzlichen Gl\u00fcckwunsch! Du hast den ersten Schritt auf dem Weg zu einem erfolgreichen Leben gemacht, indem du mein iBook heruntergeladen hast. Ich w\u00fcnsche dir viel Freude bei der Lekt\u00fcre und vor allem beim Umsetzen der sieben einfachen Schritte. Du bist auf dem richtigen Weg, dein Leben zu ver\u00e4ndern und deine Ziele zu erreichen. Glaube an dich selbst und lass dich von nichts aufhalten. Viel Erfolg auf deiner spannenden Reise!<\/p>\n<p>[\/vc_column_text][vc_column_text]<\/p>\n<p style=\"text-align: center;\"><a href=\"https:\/\/www.havana-gym.com\/ebook\/Programmier dein Leben auf Erfolg.pdf\" target=\"_blank\" rel=\"noopener\"><strong>E-Book runterladen<\/strong><\/a><\/p>\n<p>[\/vc_column_text][vc_single_image image=&#8220;1212&#8243; img_size=&#8220;full&#8220; alignment=&#8220;center&#8220; onclick=&#8220;zoom&#8220; qode_css_animation=&#8220;&#8220; css=&#8220;.vc_custom_1685462018671{padding-top: 50px !important;padding-bottom: 50px !important;}&#8220;][\/vc_column][\/vc_row]<\/p>\n<div class=\"shariff\"><ul class=\"shariff-buttons theme-default orientation-horizontal buttonsize-medium\"><li class=\"shariff-button twitter shariff-nocustomcolor\" style=\"background-color:#1e3050\"><a href=\"https:\/\/twitter.com\/share?url=https%3A%2F%2Fwww.havana-gym.com%2Fde%2Fe-book-laden%2F&text=E-Book%20laden\" title=\"Bei X (Twitter) teilen\" aria-label=\"Bei X (Twitter) teilen\" role=\"button\" rel=\"noreferrernoopener nofollow\" class=\"shariff-link\" style=\"; background-color:#000000; color:#fff\" target=\"_blank\"><span class=\"shariff-icon\" style=\"\"><svg xmlns=\"http:\/\/www.w3.org\/2000\/svg\" height=\"1em\" viewBox=\"0 0 512 512\"><!--! Font Awesome Free 6.4.2 by @fontawesome - https:\/\/fontawesome.com License - https:\/\/fontawesome.com\/license (Commercial License) Copyright 2023 Fonticons, Inc. --><style>svg{fill:#ffffff}<\/style><path d=\"M389.2 48h70.6L305.6 224.2 487 464H345L233.7 318.6 106.5 464H35.8L200.7 275.5 26.8 48H172.4L272.9 180.9 389.2 48zM364.4 421.8h39.1L151.1 88h-42L364.4 421.8z\"\/><\/svg><\/span><span class=\"shariff-text\">twittern<\/span>&nbsp;<\/a><\/li><li class=\"shariff-button facebook shariff-nocustomcolor\" style=\"background-color:#4273c8\"><a href=\"https:\/\/www.facebook.com\/sharer\/sharer.php?u=https%3A%2F%2Fwww.havana-gym.com%2Fde%2Fe-book-laden%2F\" title=\"Bei Facebook teilen\" aria-label=\"Bei Facebook teilen\" role=\"button\" rel=\"noreferrernoopener nofollow\" class=\"shariff-link\" style=\"; background-color:#3b5998; color:#fff\" target=\"_blank\"><span class=\"shariff-icon\" style=\"\"><svg width=\"32px\" height=\"20px\" xmlns=\"http:\/\/www.w3.org\/2000\/svg\" viewBox=\"0 0 18 32\"><path fill=\"#3b5998\" d=\"M17.1 0.2v4.7h-2.8q-1.5 0-2.1 0.6t-0.5 1.9v3.4h5.2l-0.7 5.3h-4.5v13.6h-5.5v-13.6h-4.5v-5.3h4.5v-3.9q0-3.3 1.9-5.2t5-1.8q2.6 0 4.1 0.2z\"\/><\/svg><\/span><span class=\"shariff-text\">teilen<\/span>&nbsp;<\/a><\/li><li class=\"shariff-button whatsapp shariff-nocustomcolor\" style=\"background-color:#5cbe4a\"><a href=\"https:\/\/api.whatsapp.com\/send?text=https%3A%2F%2Fwww.havana-gym.com%2Fde%2Fe-book-laden%2F%20E-Book%20laden\" title=\"Bei Whatsapp teilen\" aria-label=\"Bei Whatsapp teilen\" role=\"button\" rel=\"noreferrernoopener nofollow\" class=\"shariff-link\" style=\"; background-color:#34af23; color:#fff\" target=\"_blank\"><span class=\"shariff-icon\" style=\"\"><svg width=\"32px\" height=\"20px\" xmlns=\"http:\/\/www.w3.org\/2000\/svg\" viewBox=\"0 0 32 32\"><path fill=\"#34af23\" d=\"M17.6 17.4q0.2 0 1.7 0.8t1.6 0.9q0 0.1 0 0.3 0 0.6-0.3 1.4-0.3 0.7-1.3 1.2t-1.8 0.5q-1 0-3.4-1.1-1.7-0.8-3-2.1t-2.6-3.3q-1.3-1.9-1.3-3.5v-0.1q0.1-1.6 1.3-2.8 0.4-0.4 0.9-0.4 0.1 0 0.3 0t0.3 0q0.3 0 0.5 0.1t0.3 0.5q0.1 0.4 0.6 1.6t0.4 1.3q0 0.4-0.6 1t-0.6 0.8q0 0.1 0.1 0.3 0.6 1.3 1.8 2.4 1 0.9 2.7 1.8 0.2 0.1 0.4 0.1 0.3 0 1-0.9t0.9-0.9zM14 26.9q2.3 0 4.3-0.9t3.6-2.4 2.4-3.6 0.9-4.3-0.9-4.3-2.4-3.6-3.6-2.4-4.3-0.9-4.3 0.9-3.6 2.4-2.4 3.6-0.9 4.3q0 3.6 2.1 6.6l-1.4 4.2 4.3-1.4q2.8 1.9 6.2 1.9zM14 2.2q2.7 0 5.2 1.1t4.3 2.9 2.9 4.3 1.1 5.2-1.1 5.2-2.9 4.3-4.3 2.9-5.2 1.1q-3.5 0-6.5-1.7l-7.4 2.4 2.4-7.2q-1.9-3.2-1.9-6.9 0-2.7 1.1-5.2t2.9-4.3 4.3-2.9 5.2-1.1z\"\/><\/svg><\/span><span class=\"shariff-text\">teilen<\/span>&nbsp;<\/a><\/li><li class=\"shariff-button printer shariff-nocustomcolor\" style=\"background-color:#a8a8a8\"><a href=\"javascript:window.print()\" title=\"drucken\" aria-label=\"drucken\" role=\"button\" rel=\"noreferrernoopener nofollow\" class=\"shariff-link\" style=\"; background-color:#999; color:#fff\"><span class=\"shariff-icon\" style=\"\"><svg width=\"32px\" height=\"20px\" xmlns=\"http:\/\/www.w3.org\/2000\/svg\" viewBox=\"0 0 30 32\"><path fill=\"#999\" d=\"M6.8 27.4h16v-4.6h-16v4.6zM6.8 16h16v-6.8h-2.8q-0.7 0-1.2-0.5t-0.5-1.2v-2.8h-11.4v11.4zM27.4 17.2q0-0.5-0.3-0.8t-0.8-0.4-0.8 0.4-0.3 0.8 0.3 0.8 0.8 0.3 0.8-0.3 0.3-0.8zM29.7 17.2v7.4q0 0.2-0.2 0.4t-0.4 0.2h-4v2.8q0 0.7-0.5 1.2t-1.2 0.5h-17.2q-0.7 0-1.2-0.5t-0.5-1.2v-2.8h-4q-0.2 0-0.4-0.2t-0.2-0.4v-7.4q0-1.4 1-2.4t2.4-1h1.2v-9.7q0-0.7 0.5-1.2t1.2-0.5h12q0.7 0 1.6 0.4t1.3 0.8l2.7 2.7q0.5 0.5 0.9 1.4t0.4 1.6v4.6h1.1q1.4 0 2.4 1t1 2.4z\"\/><\/svg><\/span><span class=\"shariff-text\">drucken<\/span>&nbsp;<\/a><\/li><\/ul><\/div><\/div>","protected":false},"excerpt":{"rendered":"<p>[vc_row css_animation=&#8220;&#8220; row_type=&#8220;row&#8220; use_row_as_full_screen_section=&#8220;no&#8220; type=&#8220;grid&#8220; angled_section=&#8220;no&#8220; text_align=&#8220;left&#8220; background_image_as_pattern=&#8220;without_pattern&#8220; css=&#8220;.vc_custom_1684916401818{padding-top: 60px !important;padding-bottom: 60px !important;}&#8220; z_index=&#8220;&#8220;][vc_column][vc_column_text css=&#8220;.vc_custom_1685799631862{padding-top: 50px !important;padding-bottom: 50px !important;}&#8220;] Herzlichen Gl\u00fcckwunsch! Du hast den ersten Schritt auf dem Weg zu einem erfolgreichen Leben gemacht, indem du mein iBook heruntergeladen hast. Ich w\u00fcnsche dir viel Freude&#8230;<\/p>\n","protected":false},"author":1,"featured_media":0,"parent":0,"menu_order":0,"comment_status":"closed","ping_status":"closed","template":"landing_page.php","meta":{"footnotes":""},"class_list":["post-1211","page","type-page","status-publish","hentry"],"yoast_head":"<!-- This site is optimized with the Yoast SEO plugin v27.4 - https:\/\/yoast.com\/product\/yoast-seo-wordpress\/ -->\n<title>E-Book laden - Havana Gym<\/title>\n<meta name=\"description\" content=\"Entdecke in unserem eBook &quot;Erfolgreiches Leben programmieren&quot; die transformative Kraft des fr\u00fchen Aufstehens, der Morgenmeditation und Dankbarkeits\u00fcbung. Erfahre, warum Sport und Bewegung essentiell f\u00fcr Gesundheit sind und wie Ern\u00e4hrung, Glaubenss\u00e4tze und das Verlassen der Komfortzone zum Erfolg f\u00fchren. Starte jetzt deine Reise zu einem erf\u00fcllten Leben!\" \/>\n<meta name=\"robots\" content=\"index, follow, max-snippet:-1, max-image-preview:large, max-video-preview:-1\" \/>\n<link rel=\"canonical\" href=\"https:\/\/www.havana-gym.com\/de\/e-book-laden\/\" \/>\n<meta property=\"og:locale\" content=\"de_DE\" \/>\n<meta property=\"og:type\" content=\"article\" \/>\n<meta property=\"og:title\" content=\"E-Book laden - Havana Gym\" \/>\n<meta property=\"og:description\" content=\"Entdecke in unserem eBook &quot;Erfolgreiches Leben programmieren&quot; die transformative Kraft des fr\u00fchen Aufstehens, der Morgenmeditation und Dankbarkeits\u00fcbung. Erfahre, warum Sport und Bewegung essentiell f\u00fcr Gesundheit sind und wie Ern\u00e4hrung, Glaubenss\u00e4tze und das Verlassen der Komfortzone zum Erfolg f\u00fchren. Starte jetzt deine Reise zu einem erf\u00fcllten Leben!\" \/>\n<meta property=\"og:url\" content=\"https:\/\/www.havana-gym.com\/de\/e-book-laden\/\" \/>\n<meta property=\"og:site_name\" content=\"Havana Gym\" \/>\n<meta property=\"article:modified_time\" content=\"2023-06-03T13:40:59+00:00\" \/>\n<meta name=\"twitter:card\" content=\"summary_large_image\" \/>\n<meta name=\"twitter:label1\" content=\"Gesch\u00e4tzte Lesezeit\" \/>\n\t<meta name=\"twitter:data1\" content=\"1\u00a0Minute\" \/>\n<script type=\"application\/ld+json\" class=\"yoast-schema-graph\">{\"@context\":\"https:\\\/\\\/schema.org\",\"@graph\":[{\"@type\":\"WebPage\",\"@id\":\"https:\\\/\\\/www.havana-gym.com\\\/de\\\/e-book-laden\\\/\",\"url\":\"https:\\\/\\\/www.havana-gym.com\\\/de\\\/e-book-laden\\\/\",\"name\":\"E-Book laden - Havana Gym\",\"isPartOf\":{\"@id\":\"https:\\\/\\\/www.havana-gym.com\\\/#website\"},\"datePublished\":\"2023-05-26T09:57:44+00:00\",\"dateModified\":\"2023-06-03T13:40:59+00:00\",\"description\":\"Entdecke in unserem eBook \\\"Erfolgreiches Leben programmieren\\\" die transformative Kraft des fr\u00fchen Aufstehens, der Morgenmeditation und Dankbarkeits\u00fcbung. Erfahre, warum Sport und Bewegung essentiell f\u00fcr Gesundheit sind und wie Ern\u00e4hrung, Glaubenss\u00e4tze und das Verlassen der Komfortzone zum Erfolg f\u00fchren. Starte jetzt deine Reise zu einem erf\u00fcllten Leben!\",\"breadcrumb\":{\"@id\":\"https:\\\/\\\/www.havana-gym.com\\\/de\\\/e-book-laden\\\/#breadcrumb\"},\"inLanguage\":\"de\",\"potentialAction\":[{\"@type\":\"ReadAction\",\"target\":[\"https:\\\/\\\/www.havana-gym.com\\\/de\\\/e-book-laden\\\/\"]}]},{\"@type\":\"BreadcrumbList\",\"@id\":\"https:\\\/\\\/www.havana-gym.com\\\/de\\\/e-book-laden\\\/#breadcrumb\",\"itemListElement\":[{\"@type\":\"ListItem\",\"position\":1,\"name\":\"Startseite\",\"item\":\"https:\\\/\\\/www.havana-gym.com\\\/de\\\/\"},{\"@type\":\"ListItem\",\"position\":2,\"name\":\"E-Book laden\"}]},{\"@type\":\"WebSite\",\"@id\":\"https:\\\/\\\/www.havana-gym.com\\\/#website\",\"url\":\"https:\\\/\\\/www.havana-gym.com\\\/\",\"name\":\"Havana Gym\",\"description\":\"Personal Trainer Jose Luis Perez Megret | Maspalomas Gran Canaria\",\"potentialAction\":[{\"@type\":\"SearchAction\",\"target\":{\"@type\":\"EntryPoint\",\"urlTemplate\":\"https:\\\/\\\/www.havana-gym.com\\\/?s={search_term_string}\"},\"query-input\":{\"@type\":\"PropertyValueSpecification\",\"valueRequired\":true,\"valueName\":\"search_term_string\"}}],\"inLanguage\":\"de\"}]}<\/script>\n<!-- \/ Yoast SEO plugin. -->","yoast_head_json":{"title":"E-Book laden - Havana Gym","description":"Entdecke in unserem eBook \"Erfolgreiches Leben programmieren\" die transformative Kraft des fr\u00fchen Aufstehens, der Morgenmeditation und Dankbarkeits\u00fcbung. Erfahre, warum Sport und Bewegung essentiell f\u00fcr Gesundheit sind und wie Ern\u00e4hrung, Glaubenss\u00e4tze und das Verlassen der Komfortzone zum Erfolg f\u00fchren. Starte jetzt deine Reise zu einem erf\u00fcllten Leben!","robots":{"index":"index","follow":"follow","max-snippet":"max-snippet:-1","max-image-preview":"max-image-preview:large","max-video-preview":"max-video-preview:-1"},"canonical":"https:\/\/www.havana-gym.com\/de\/e-book-laden\/","og_locale":"de_DE","og_type":"article","og_title":"E-Book laden - Havana Gym","og_description":"Entdecke in unserem eBook \"Erfolgreiches Leben programmieren\" die transformative Kraft des fr\u00fchen Aufstehens, der Morgenmeditation und Dankbarkeits\u00fcbung. Erfahre, warum Sport und Bewegung essentiell f\u00fcr Gesundheit sind und wie Ern\u00e4hrung, Glaubenss\u00e4tze und das Verlassen der Komfortzone zum Erfolg f\u00fchren. Starte jetzt deine Reise zu einem erf\u00fcllten Leben!","og_url":"https:\/\/www.havana-gym.com\/de\/e-book-laden\/","og_site_name":"Havana Gym","article_modified_time":"2023-06-03T13:40:59+00:00","twitter_card":"summary_large_image","twitter_misc":{"Gesch\u00e4tzte Lesezeit":"1\u00a0Minute"},"schema":{"@context":"https:\/\/schema.org","@graph":[{"@type":"WebPage","@id":"https:\/\/www.havana-gym.com\/de\/e-book-laden\/","url":"https:\/\/www.havana-gym.com\/de\/e-book-laden\/","name":"E-Book laden - Havana Gym","isPartOf":{"@id":"https:\/\/www.havana-gym.com\/#website"},"datePublished":"2023-05-26T09:57:44+00:00","dateModified":"2023-06-03T13:40:59+00:00","description":"Entdecke in unserem eBook \"Erfolgreiches Leben programmieren\" die transformative Kraft des fr\u00fchen Aufstehens, der Morgenmeditation und Dankbarkeits\u00fcbung. Erfahre, warum Sport und Bewegung essentiell f\u00fcr Gesundheit sind und wie Ern\u00e4hrung, Glaubenss\u00e4tze und das Verlassen der Komfortzone zum Erfolg f\u00fchren. Starte jetzt deine Reise zu einem erf\u00fcllten Leben!","breadcrumb":{"@id":"https:\/\/www.havana-gym.com\/de\/e-book-laden\/#breadcrumb"},"inLanguage":"de","potentialAction":[{"@type":"ReadAction","target":["https:\/\/www.havana-gym.com\/de\/e-book-laden\/"]}]},{"@type":"BreadcrumbList","@id":"https:\/\/www.havana-gym.com\/de\/e-book-laden\/#breadcrumb","itemListElement":[{"@type":"ListItem","position":1,"name":"Startseite","item":"https:\/\/www.havana-gym.com\/de\/"},{"@type":"ListItem","position":2,"name":"E-Book laden"}]},{"@type":"WebSite","@id":"https:\/\/www.havana-gym.com\/#website","url":"https:\/\/www.havana-gym.com\/","name":"Havana Gym","description":"Personal Trainer Jose Luis Perez Megret | Maspalomas Gran Canaria","potentialAction":[{"@type":"SearchAction","target":{"@type":"EntryPoint","urlTemplate":"https:\/\/www.havana-gym.com\/?s={search_term_string}"},"query-input":{"@type":"PropertyValueSpecification","valueRequired":true,"valueName":"search_term_string"}}],"inLanguage":"de"}]}},"_links":{"self":[{"href":"https:\/\/www.havana-gym.com\/de\/wp-json\/wp\/v2\/pages\/1211","targetHints":{"allow":["GET"]}}],"collection":[{"href":"https:\/\/www.havana-gym.com\/de\/wp-json\/wp\/v2\/pages"}],"about":[{"href":"https:\/\/www.havana-gym.com\/de\/wp-json\/wp\/v2\/types\/page"}],"author":[{"embeddable":true,"href":"https:\/\/www.havana-gym.com\/de\/wp-json\/wp\/v2\/users\/1"}],"replies":[{"embeddable":true,"href":"https:\/\/www.havana-gym.com\/de\/wp-json\/wp\/v2\/comments?post=1211"}],"version-history":[{"count":4,"href":"https:\/\/www.havana-gym.com\/de\/wp-json\/wp\/v2\/pages\/1211\/revisions"}],"predecessor-version":[{"id":1225,"href":"https:\/\/www.havana-gym.com\/de\/wp-json\/wp\/v2\/pages\/1211\/revisions\/1225"}],"wp:attachment":[{"href":"https:\/\/www.havana-gym.com\/de\/wp-json\/wp\/v2\/media?parent=1211"}],"curies":[{"name":"wp","href":"https:\/\/api.w.org\/{rel}","templated":true}]}}