{"id":243,"date":"2017-06-26T17:33:32","date_gmt":"2017-06-26T15:33:32","guid":{"rendered":"https:\/\/www.havana-gym.com\/?page_id=243"},"modified":"2022-04-15T13:19:52","modified_gmt":"2022-04-15T11:19:52","slug":"personal-training","status":"publish","type":"page","link":"https:\/\/www.havana-gym.com\/de\/leistungen\/personal-training\/","title":{"rendered":"Personal Training"},"content":{"rendered":"<div class=\"wpb-content-wrapper\"><div style=\"width: 640px;\" class=\"wp-video\"><video class=\"wp-video-shortcode\" id=\"video-243-1\" width=\"640\" height=\"360\" preload=\"metadata\" controls=\"controls\"><source type=\"video\/mp4\" src=\"https:\/\/www.havana-gym.com\/wp-content\/uploads\/2022\/04\/video_20segundos-1.mp4?_=1\" \/><a href=\"https:\/\/www.havana-gym.com\/wp-content\/uploads\/2022\/04\/video_20segundos-1.mp4\">https:\/\/www.havana-gym.com\/wp-content\/uploads\/2022\/04\/video_20segundos-1.mp4<\/a><\/video><\/div>\n<p>[vc_row css_animation=&#8220;&#8220; row_type=&#8220;row&#8220; use_row_as_full_screen_section=&#8220;no&#8220; type=&#8220;full_width&#8220; angled_section=&#8220;no&#8220; text_align=&#8220;left&#8220; background_image_as_pattern=&#8220;without_pattern&#8220;][vc_column][vc_column_text]<img loading=\"lazy\" decoding=\"async\" class=\"alignnone size-medium wp-image-1062\" src=\"https:\/\/www.havana-gym.com\/wp-content\/uploads\/2022\/04\/130749300_3480102865421700_4823259660766166289_n-300x300.jpg\" alt=\"\" width=\"300\" height=\"300\" srcset=\"https:\/\/www.havana-gym.com\/wp-content\/uploads\/2022\/04\/130749300_3480102865421700_4823259660766166289_n-300x300.jpg 300w, https:\/\/www.havana-gym.com\/wp-content\/uploads\/2022\/04\/130749300_3480102865421700_4823259660766166289_n-150x150.jpg 150w, https:\/\/www.havana-gym.com\/wp-content\/uploads\/2022\/04\/130749300_3480102865421700_4823259660766166289_n-570x570.jpg 570w, https:\/\/www.havana-gym.com\/wp-content\/uploads\/2022\/04\/130749300_3480102865421700_4823259660766166289_n-500x500.jpg 500w, https:\/\/www.havana-gym.com\/wp-content\/uploads\/2022\/04\/130749300_3480102865421700_4823259660766166289_n-700x700.jpg 700w, https:\/\/www.havana-gym.com\/wp-content\/uploads\/2022\/04\/130749300_3480102865421700_4823259660766166289_n.jpg 768w\" sizes=\"auto, (max-width: 300px) 100vw, 300px\" \/><img loading=\"lazy\" decoding=\"async\" class=\"alignnone size-medium wp-image-1054\" src=\"https:\/\/www.havana-gym.com\/wp-content\/uploads\/2022\/04\/HavanaLounge-12-300x99.jpg\" alt=\"\" width=\"300\" height=\"99\" srcset=\"https:\/\/www.havana-gym.com\/wp-content\/uploads\/2022\/04\/HavanaLounge-12-300x99.jpg 300w, https:\/\/www.havana-gym.com\/wp-content\/uploads\/2022\/04\/HavanaLounge-12-1024x339.jpg 1024w, https:\/\/www.havana-gym.com\/wp-content\/uploads\/2022\/04\/HavanaLounge-12-768x255.jpg 768w, https:\/\/www.havana-gym.com\/wp-content\/uploads\/2022\/04\/HavanaLounge-12-1536x509.jpg 1536w, https:\/\/www.havana-gym.com\/wp-content\/uploads\/2022\/04\/HavanaLounge-12-2048x679.jpg 2048w, https:\/\/www.havana-gym.com\/wp-content\/uploads\/2022\/04\/HavanaLounge-12-700x232.jpg 700w\" sizes=\"auto, (max-width: 300px) 100vw, 300px\" \/><img loading=\"lazy\" decoding=\"async\" class=\"alignnone size-medium wp-image-1042\" src=\"https:\/\/www.havana-gym.com\/wp-content\/uploads\/2022\/04\/havana-per-300x225.jpg\" alt=\"\" width=\"300\" height=\"225\" srcset=\"https:\/\/www.havana-gym.com\/wp-content\/uploads\/2022\/04\/havana-per-300x225.jpg 300w, https:\/\/www.havana-gym.com\/wp-content\/uploads\/2022\/04\/havana-per.jpg 550w\" sizes=\"auto, (max-width: 300px) 100vw, 300px\" \/><img loading=\"lazy\" decoding=\"async\" class=\"alignnone size-medium wp-image-1074\" src=\"https:\/\/www.havana-gym.com\/wp-content\/uploads\/2022\/04\/DSC_0728-300x200.jpg\" alt=\"\" width=\"300\" height=\"200\" srcset=\"https:\/\/www.havana-gym.com\/wp-content\/uploads\/2022\/04\/DSC_0728-300x200.jpg 300w, https:\/\/www.havana-gym.com\/wp-content\/uploads\/2022\/04\/DSC_0728-1024x683.jpg 1024w, https:\/\/www.havana-gym.com\/wp-content\/uploads\/2022\/04\/DSC_0728-768x512.jpg 768w, https:\/\/www.havana-gym.com\/wp-content\/uploads\/2022\/04\/DSC_0728-1536x1024.jpg 1536w, https:\/\/www.havana-gym.com\/wp-content\/uploads\/2022\/04\/DSC_0728-2048x1365.jpg 2048w, https:\/\/www.havana-gym.com\/wp-content\/uploads\/2022\/04\/DSC_0728-700x467.jpg 700w\" sizes=\"auto, (max-width: 300px) 100vw, 300px\" \/><\/p>\n<p>[vc_separator type=&#8217;transparent&#8216; position=&#8217;center&#8216; color=&#8220; thickness=&#8220; up=&#8217;15&#8216; down=&#8217;15&#8216;]<\/p>\n<h3>Dein Personal Trainer Gran Canaria<\/h3>\n<p>[vc_separator type=&#8217;transparent&#8216; position=&#8217;center&#8216; color=&#8220; thickness=&#8220; up=&#8217;15&#8216; down=&#8217;15&#8216;]<\/p>\n<p style=\"text-align: justify;\">Profitiere von einem f\u00fcr Dich <strong>ma\u00dfgeschneiderten Programm<\/strong> und einer <strong>pers\u00f6nlichen Fitnessbetreuung<\/strong>.\u00a0Gemeinsam mit Deinem Personal Trainer erarbeitest Du einen Weg, Deine ganz pers\u00f6nlichen Ziele und Anspr\u00fcche festzulegen und Schritt f\u00fcr Schritt zu erreichen. Jorge und sein Team werden Dich dabei unterst\u00fctzen, den Spa\u00df an der Bewegung (wieder) zu entdecken und Dich mit gesunden, auf Dich abgestimmten Workouts langfristig in Topform zu bringen.<\/p>\n<p>[vc_separator type=&#8217;transparent&#8216; position=&#8217;center&#8216; color=&#8220; thickness=&#8220; up=&#8217;15&#8216; down=&#8217;15&#8216;]<\/p>\n<ul>\n<li>Optimale Betreuung und ma\u00dfgeschneidertes Training<\/li>\n<li>Krafttraining\/Muskelaufbau<\/li>\n<li>Bodyforming<\/li>\n<li>Pr\u00e4vention- und Rehabilitation<\/li>\n<li>Gewichtsreduktion<\/li>\n<\/ul>\n<p>[vc_separator type=&#8217;transparent&#8216; position=&#8217;center&#8216; color=&#8220; thickness=&#8220; up=&#8217;15&#8216; down=&#8217;15&#8216;]<\/p>\n<p>[\/vc_column_text][\/vc_column][\/vc_row][vc_row css_animation=&#8220;&#8220; row_type=&#8220;row&#8220; use_row_as_full_screen_section=&#8220;no&#8220; type=&#8220;full_width&#8220; angled_section=&#8220;no&#8220; text_align=&#8220;center&#8220; background_image_as_pattern=&#8220;without_pattern&#8220; css=&#8220;.vc_custom_1500373214539{padding-top: 53px !important;padding-bottom: 53px !important;background-color: #de4039 !important;}&#8220;][vc_column][qode_elements_holder background_color=&#8220;#de4039&#8243; number_of_columns=&#8220;two_columns&#8220; columns_proportion=&#8220;66_33&#8243;][qode_elements_holder_item item_padding=&#8220;0 0 0 0&#8243; vertical_alignment=&#8220;middle&#8220; advanced_animations=&#8220;no&#8220;][vc_column_text]<\/p>\n<h3 style=\"text-align: left;\"><span style=\"color: #ffffff;\">Rufe uns an und vereinbare den ersten Termin<\/span><\/h3>\n<p>[\/vc_column_text][\/qode_elements_holder_item][qode_elements_holder_item item_padding=&#8220;0 0 0 0&#8243; vertical_alignment=&#8220;middle&#8220; advanced_animations=&#8220;no&#8220;]<a  itemprop=\"url\" href=\"https:\/\/www.havana-gym.com\/de\/kontakt\" target=\"_self\"  class=\"qbutton  small white default\" style=\"\">TEL 659 540 954<\/a>[\/qode_elements_holder_item][\/qode_elements_holder][\/vc_column][\/vc_row]<\/p>\n<div class=\"shariff\"><ul class=\"shariff-buttons theme-default orientation-horizontal buttonsize-medium\"><li class=\"shariff-button twitter shariff-nocustomcolor\" style=\"background-color:#1e3050\"><a href=\"https:\/\/twitter.com\/share?url=https%3A%2F%2Fwww.havana-gym.com%2Fde%2Fleistungen%2Fpersonal-training%2F&text=Personal%20Training\" title=\"Bei X (Twitter) teilen\" aria-label=\"Bei X (Twitter) teilen\" role=\"button\" rel=\"noreferrernoopener nofollow\" class=\"shariff-link\" style=\"; background-color:#000000; color:#fff\" target=\"_blank\"><span class=\"shariff-icon\" style=\"\"><svg xmlns=\"http:\/\/www.w3.org\/2000\/svg\" height=\"1em\" viewBox=\"0 0 512 512\"><!--! Font Awesome Free 6.4.2 by @fontawesome - https:\/\/fontawesome.com License - https:\/\/fontawesome.com\/license (Commercial License) Copyright 2023 Fonticons, Inc. --><style>svg{fill:#ffffff}<\/style><path d=\"M389.2 48h70.6L305.6 224.2 487 464H345L233.7 318.6 106.5 464H35.8L200.7 275.5 26.8 48H172.4L272.9 180.9 389.2 48zM364.4 421.8h39.1L151.1 88h-42L364.4 421.8z\"\/><\/svg><\/span><span class=\"shariff-text\">twittern<\/span>&nbsp;<\/a><\/li><li class=\"shariff-button facebook shariff-nocustomcolor\" style=\"background-color:#4273c8\"><a href=\"https:\/\/www.facebook.com\/sharer\/sharer.php?u=https%3A%2F%2Fwww.havana-gym.com%2Fde%2Fleistungen%2Fpersonal-training%2F\" title=\"Bei Facebook teilen\" aria-label=\"Bei Facebook teilen\" role=\"button\" rel=\"noreferrernoopener nofollow\" class=\"shariff-link\" style=\"; background-color:#3b5998; color:#fff\" target=\"_blank\"><span class=\"shariff-icon\" style=\"\"><svg width=\"32px\" height=\"20px\" xmlns=\"http:\/\/www.w3.org\/2000\/svg\" viewBox=\"0 0 18 32\"><path fill=\"#3b5998\" d=\"M17.1 0.2v4.7h-2.8q-1.5 0-2.1 0.6t-0.5 1.9v3.4h5.2l-0.7 5.3h-4.5v13.6h-5.5v-13.6h-4.5v-5.3h4.5v-3.9q0-3.3 1.9-5.2t5-1.8q2.6 0 4.1 0.2z\"\/><\/svg><\/span><span class=\"shariff-text\">teilen<\/span>&nbsp;<\/a><\/li><li class=\"shariff-button whatsapp shariff-nocustomcolor\" style=\"background-color:#5cbe4a\"><a href=\"https:\/\/api.whatsapp.com\/send?text=https%3A%2F%2Fwww.havana-gym.com%2Fde%2Fleistungen%2Fpersonal-training%2F%20Personal%20Training\" title=\"Bei Whatsapp teilen\" aria-label=\"Bei Whatsapp teilen\" role=\"button\" rel=\"noreferrernoopener nofollow\" class=\"shariff-link\" style=\"; background-color:#34af23; color:#fff\" target=\"_blank\"><span class=\"shariff-icon\" style=\"\"><svg width=\"32px\" height=\"20px\" xmlns=\"http:\/\/www.w3.org\/2000\/svg\" viewBox=\"0 0 32 32\"><path fill=\"#34af23\" d=\"M17.6 17.4q0.2 0 1.7 0.8t1.6 0.9q0 0.1 0 0.3 0 0.6-0.3 1.4-0.3 0.7-1.3 1.2t-1.8 0.5q-1 0-3.4-1.1-1.7-0.8-3-2.1t-2.6-3.3q-1.3-1.9-1.3-3.5v-0.1q0.1-1.6 1.3-2.8 0.4-0.4 0.9-0.4 0.1 0 0.3 0t0.3 0q0.3 0 0.5 0.1t0.3 0.5q0.1 0.4 0.6 1.6t0.4 1.3q0 0.4-0.6 1t-0.6 0.8q0 0.1 0.1 0.3 0.6 1.3 1.8 2.4 1 0.9 2.7 1.8 0.2 0.1 0.4 0.1 0.3 0 1-0.9t0.9-0.9zM14 26.9q2.3 0 4.3-0.9t3.6-2.4 2.4-3.6 0.9-4.3-0.9-4.3-2.4-3.6-3.6-2.4-4.3-0.9-4.3 0.9-3.6 2.4-2.4 3.6-0.9 4.3q0 3.6 2.1 6.6l-1.4 4.2 4.3-1.4q2.8 1.9 6.2 1.9zM14 2.2q2.7 0 5.2 1.1t4.3 2.9 2.9 4.3 1.1 5.2-1.1 5.2-2.9 4.3-4.3 2.9-5.2 1.1q-3.5 0-6.5-1.7l-7.4 2.4 2.4-7.2q-1.9-3.2-1.9-6.9 0-2.7 1.1-5.2t2.9-4.3 4.3-2.9 5.2-1.1z\"\/><\/svg><\/span><span class=\"shariff-text\">teilen<\/span>&nbsp;<\/a><\/li><li class=\"shariff-button printer shariff-nocustomcolor\" style=\"background-color:#a8a8a8\"><a href=\"javascript:window.print()\" title=\"drucken\" aria-label=\"drucken\" role=\"button\" rel=\"noreferrernoopener nofollow\" class=\"shariff-link\" style=\"; background-color:#999; color:#fff\"><span class=\"shariff-icon\" style=\"\"><svg width=\"32px\" height=\"20px\" xmlns=\"http:\/\/www.w3.org\/2000\/svg\" viewBox=\"0 0 30 32\"><path fill=\"#999\" d=\"M6.8 27.4h16v-4.6h-16v4.6zM6.8 16h16v-6.8h-2.8q-0.7 0-1.2-0.5t-0.5-1.2v-2.8h-11.4v11.4zM27.4 17.2q0-0.5-0.3-0.8t-0.8-0.4-0.8 0.4-0.3 0.8 0.3 0.8 0.8 0.3 0.8-0.3 0.3-0.8zM29.7 17.2v7.4q0 0.2-0.2 0.4t-0.4 0.2h-4v2.8q0 0.7-0.5 1.2t-1.2 0.5h-17.2q-0.7 0-1.2-0.5t-0.5-1.2v-2.8h-4q-0.2 0-0.4-0.2t-0.2-0.4v-7.4q0-1.4 1-2.4t2.4-1h1.2v-9.7q0-0.7 0.5-1.2t1.2-0.5h12q0.7 0 1.6 0.4t1.3 0.8l2.7 2.7q0.5 0.5 0.9 1.4t0.4 1.6v4.6h1.1q1.4 0 2.4 1t1 2.4z\"\/><\/svg><\/span><span class=\"shariff-text\">drucken<\/span>&nbsp;<\/a><\/li><\/ul><\/div><\/div>","protected":false},"excerpt":{"rendered":"<p>[vc_row css_animation=&#8220;&#8220; row_type=&#8220;row&#8220; use_row_as_full_screen_section=&#8220;no&#8220; type=&#8220;full_width&#8220; angled_section=&#8220;no&#8220; text_align=&#8220;left&#8220; background_image_as_pattern=&#8220;without_pattern&#8220;][vc_column][vc_column_text] [vc_separator type=&#8217;transparent&#8216; position=&#8217;center&#8216; color=&#8220; thickness=&#8220; up=&#8217;15&#8216; down=&#8217;15&#8216;] Dein Personal Trainer Gran Canaria [vc_separator type=&#8217;transparent&#8216; position=&#8217;center&#8216; color=&#8220; thickness=&#8220; up=&#8217;15&#8216; down=&#8217;15&#8216;] Profitiere von einem f\u00fcr Dich ma\u00dfgeschneiderten Programm und einer pers\u00f6nlichen Fitnessbetreuung.\u00a0Gemeinsam mit Deinem Personal Trainer erarbeitest Du einen&#8230;<\/p>\n","protected":false},"author":2,"featured_media":0,"parent":195,"menu_order":0,"comment_status":"closed","ping_status":"closed","template":"","meta":{"footnotes":""},"class_list":["post-243","page","type-page","status-publish","hentry"],"yoast_head":"<!-- This site is optimized with the Yoast SEO plugin v27.4 - https:\/\/yoast.com\/product\/yoast-seo-wordpress\/ -->\n<title>Personal Training - Havana Gym<\/title>\n<meta name=\"robots\" content=\"index, follow, max-snippet:-1, max-image-preview:large, max-video-preview:-1\" \/>\n<link rel=\"canonical\" href=\"https:\/\/www.havana-gym.com\/de\/leistungen\/personal-training\/\" \/>\n<meta property=\"og:locale\" content=\"de_DE\" \/>\n<meta property=\"og:type\" content=\"article\" \/>\n<meta property=\"og:title\" content=\"Personal Training - Havana Gym\" \/>\n<meta property=\"og:description\" content=\"[vc_row css_animation=&#8220;&#8220; row_type=&#8220;row&#8220; use_row_as_full_screen_section=&#8220;no&#8220; type=&#8220;full_width&#8220; angled_section=&#8220;no&#8220; text_align=&#8220;left&#8220; background_image_as_pattern=&#8220;without_pattern&#8220;][vc_column][vc_column_text] [vc_separator type=&#8217;transparent&#8216; position=&#8217;center&#8216; color=&#8220; thickness=&#8220; up=&#8217;15&#8216; down=&#8217;15&#8216;] Dein Personal Trainer Gran Canaria [vc_separator type=&#8217;transparent&#8216; position=&#8217;center&#8216; color=&#8220; thickness=&#8220; up=&#8217;15&#8216; down=&#8217;15&#8216;] Profitiere von einem f\u00fcr Dich ma\u00dfgeschneiderten Programm und einer pers\u00f6nlichen Fitnessbetreuung.\u00a0Gemeinsam mit Deinem Personal Trainer erarbeitest Du einen...\" \/>\n<meta property=\"og:url\" content=\"https:\/\/www.havana-gym.com\/de\/leistungen\/personal-training\/\" \/>\n<meta property=\"og:site_name\" content=\"Havana Gym\" \/>\n<meta property=\"article:modified_time\" content=\"2022-04-15T11:19:52+00:00\" \/>\n<meta property=\"og:image\" content=\"https:\/\/www.havana-gym.com\/wp-content\/uploads\/2022\/04\/130749300_3480102865421700_4823259660766166289_n-300x300.jpg\" \/>\n<meta name=\"twitter:card\" content=\"summary_large_image\" \/>\n<meta name=\"twitter:label1\" content=\"Gesch\u00e4tzte Lesezeit\" \/>\n\t<meta name=\"twitter:data1\" content=\"2\u00a0Minuten\" \/>\n<script type=\"application\/ld+json\" class=\"yoast-schema-graph\">{\"@context\":\"https:\\\/\\\/schema.org\",\"@graph\":[{\"@type\":\"WebPage\",\"@id\":\"https:\\\/\\\/www.havana-gym.com\\\/de\\\/leistungen\\\/personal-training\\\/\",\"url\":\"https:\\\/\\\/www.havana-gym.com\\\/de\\\/leistungen\\\/personal-training\\\/\",\"name\":\"Personal Training - Havana Gym\",\"isPartOf\":{\"@id\":\"https:\\\/\\\/www.havana-gym.com\\\/#website\"},\"primaryImageOfPage\":{\"@id\":\"https:\\\/\\\/www.havana-gym.com\\\/de\\\/leistungen\\\/personal-training\\\/#primaryimage\"},\"image\":{\"@id\":\"https:\\\/\\\/www.havana-gym.com\\\/de\\\/leistungen\\\/personal-training\\\/#primaryimage\"},\"thumbnailUrl\":\"https:\\\/\\\/www.havana-gym.com\\\/wp-content\\\/uploads\\\/2022\\\/04\\\/130749300_3480102865421700_4823259660766166289_n-300x300.jpg\",\"datePublished\":\"2017-06-26T15:33:32+00:00\",\"dateModified\":\"2022-04-15T11:19:52+00:00\",\"breadcrumb\":{\"@id\":\"https:\\\/\\\/www.havana-gym.com\\\/de\\\/leistungen\\\/personal-training\\\/#breadcrumb\"},\"inLanguage\":\"de\",\"potentialAction\":[{\"@type\":\"ReadAction\",\"target\":[\"https:\\\/\\\/www.havana-gym.com\\\/de\\\/leistungen\\\/personal-training\\\/\"]}]},{\"@type\":\"ImageObject\",\"inLanguage\":\"de\",\"@id\":\"https:\\\/\\\/www.havana-gym.com\\\/de\\\/leistungen\\\/personal-training\\\/#primaryimage\",\"url\":\"https:\\\/\\\/www.havana-gym.com\\\/wp-content\\\/uploads\\\/2022\\\/04\\\/130749300_3480102865421700_4823259660766166289_n-300x300.jpg\",\"contentUrl\":\"https:\\\/\\\/www.havana-gym.com\\\/wp-content\\\/uploads\\\/2022\\\/04\\\/130749300_3480102865421700_4823259660766166289_n-300x300.jpg\"},{\"@type\":\"BreadcrumbList\",\"@id\":\"https:\\\/\\\/www.havana-gym.com\\\/de\\\/leistungen\\\/personal-training\\\/#breadcrumb\",\"itemListElement\":[{\"@type\":\"ListItem\",\"position\":1,\"name\":\"Startseite\",\"item\":\"https:\\\/\\\/www.havana-gym.com\\\/de\\\/\"},{\"@type\":\"ListItem\",\"position\":2,\"name\":\"Leistungen\",\"item\":\"https:\\\/\\\/www.havana-gym.com\\\/de\\\/leistungen\\\/\"},{\"@type\":\"ListItem\",\"position\":3,\"name\":\"Personal Training\"}]},{\"@type\":\"WebSite\",\"@id\":\"https:\\\/\\\/www.havana-gym.com\\\/#website\",\"url\":\"https:\\\/\\\/www.havana-gym.com\\\/\",\"name\":\"Havana Gym\",\"description\":\"Personal Trainer Jose Luis Perez Megret | Maspalomas Gran Canaria\",\"potentialAction\":[{\"@type\":\"SearchAction\",\"target\":{\"@type\":\"EntryPoint\",\"urlTemplate\":\"https:\\\/\\\/www.havana-gym.com\\\/?s={search_term_string}\"},\"query-input\":{\"@type\":\"PropertyValueSpecification\",\"valueRequired\":true,\"valueName\":\"search_term_string\"}}],\"inLanguage\":\"de\"}]}<\/script>\n<!-- \/ Yoast SEO plugin. -->","yoast_head_json":{"title":"Personal Training - Havana Gym","robots":{"index":"index","follow":"follow","max-snippet":"max-snippet:-1","max-image-preview":"max-image-preview:large","max-video-preview":"max-video-preview:-1"},"canonical":"https:\/\/www.havana-gym.com\/de\/leistungen\/personal-training\/","og_locale":"de_DE","og_type":"article","og_title":"Personal Training - Havana Gym","og_description":"[vc_row css_animation=&#8220;&#8220; row_type=&#8220;row&#8220; use_row_as_full_screen_section=&#8220;no&#8220; type=&#8220;full_width&#8220; angled_section=&#8220;no&#8220; text_align=&#8220;left&#8220; background_image_as_pattern=&#8220;without_pattern&#8220;][vc_column][vc_column_text] [vc_separator type=&#8217;transparent&#8216; position=&#8217;center&#8216; color=&#8220; thickness=&#8220; up=&#8217;15&#8216; down=&#8217;15&#8216;] Dein Personal Trainer Gran Canaria [vc_separator type=&#8217;transparent&#8216; position=&#8217;center&#8216; color=&#8220; thickness=&#8220; up=&#8217;15&#8216; down=&#8217;15&#8216;] Profitiere von einem f\u00fcr Dich ma\u00dfgeschneiderten Programm und einer pers\u00f6nlichen Fitnessbetreuung.\u00a0Gemeinsam mit Deinem Personal Trainer erarbeitest Du einen...","og_url":"https:\/\/www.havana-gym.com\/de\/leistungen\/personal-training\/","og_site_name":"Havana Gym","article_modified_time":"2022-04-15T11:19:52+00:00","og_image":[{"url":"https:\/\/www.havana-gym.com\/wp-content\/uploads\/2022\/04\/130749300_3480102865421700_4823259660766166289_n-300x300.jpg","type":"","width":"","height":""}],"twitter_card":"summary_large_image","twitter_misc":{"Gesch\u00e4tzte Lesezeit":"2\u00a0Minuten"},"schema":{"@context":"https:\/\/schema.org","@graph":[{"@type":"WebPage","@id":"https:\/\/www.havana-gym.com\/de\/leistungen\/personal-training\/","url":"https:\/\/www.havana-gym.com\/de\/leistungen\/personal-training\/","name":"Personal Training - Havana Gym","isPartOf":{"@id":"https:\/\/www.havana-gym.com\/#website"},"primaryImageOfPage":{"@id":"https:\/\/www.havana-gym.com\/de\/leistungen\/personal-training\/#primaryimage"},"image":{"@id":"https:\/\/www.havana-gym.com\/de\/leistungen\/personal-training\/#primaryimage"},"thumbnailUrl":"https:\/\/www.havana-gym.com\/wp-content\/uploads\/2022\/04\/130749300_3480102865421700_4823259660766166289_n-300x300.jpg","datePublished":"2017-06-26T15:33:32+00:00","dateModified":"2022-04-15T11:19:52+00:00","breadcrumb":{"@id":"https:\/\/www.havana-gym.com\/de\/leistungen\/personal-training\/#breadcrumb"},"inLanguage":"de","potentialAction":[{"@type":"ReadAction","target":["https:\/\/www.havana-gym.com\/de\/leistungen\/personal-training\/"]}]},{"@type":"ImageObject","inLanguage":"de","@id":"https:\/\/www.havana-gym.com\/de\/leistungen\/personal-training\/#primaryimage","url":"https:\/\/www.havana-gym.com\/wp-content\/uploads\/2022\/04\/130749300_3480102865421700_4823259660766166289_n-300x300.jpg","contentUrl":"https:\/\/www.havana-gym.com\/wp-content\/uploads\/2022\/04\/130749300_3480102865421700_4823259660766166289_n-300x300.jpg"},{"@type":"BreadcrumbList","@id":"https:\/\/www.havana-gym.com\/de\/leistungen\/personal-training\/#breadcrumb","itemListElement":[{"@type":"ListItem","position":1,"name":"Startseite","item":"https:\/\/www.havana-gym.com\/de\/"},{"@type":"ListItem","position":2,"name":"Leistungen","item":"https:\/\/www.havana-gym.com\/de\/leistungen\/"},{"@type":"ListItem","position":3,"name":"Personal Training"}]},{"@type":"WebSite","@id":"https:\/\/www.havana-gym.com\/#website","url":"https:\/\/www.havana-gym.com\/","name":"Havana Gym","description":"Personal Trainer Jose Luis Perez Megret | Maspalomas Gran Canaria","potentialAction":[{"@type":"SearchAction","target":{"@type":"EntryPoint","urlTemplate":"https:\/\/www.havana-gym.com\/?s={search_term_string}"},"query-input":{"@type":"PropertyValueSpecification","valueRequired":true,"valueName":"search_term_string"}}],"inLanguage":"de"}]}},"_links":{"self":[{"href":"https:\/\/www.havana-gym.com\/de\/wp-json\/wp\/v2\/pages\/243","targetHints":{"allow":["GET"]}}],"collection":[{"href":"https:\/\/www.havana-gym.com\/de\/wp-json\/wp\/v2\/pages"}],"about":[{"href":"https:\/\/www.havana-gym.com\/de\/wp-json\/wp\/v2\/types\/page"}],"author":[{"embeddable":true,"href":"https:\/\/www.havana-gym.com\/de\/wp-json\/wp\/v2\/users\/2"}],"replies":[{"embeddable":true,"href":"https:\/\/www.havana-gym.com\/de\/wp-json\/wp\/v2\/comments?post=243"}],"version-history":[{"count":24,"href":"https:\/\/www.havana-gym.com\/de\/wp-json\/wp\/v2\/pages\/243\/revisions"}],"predecessor-version":[{"id":1098,"href":"https:\/\/www.havana-gym.com\/de\/wp-json\/wp\/v2\/pages\/243\/revisions\/1098"}],"up":[{"embeddable":true,"href":"https:\/\/www.havana-gym.com\/de\/wp-json\/wp\/v2\/pages\/195"}],"wp:attachment":[{"href":"https:\/\/www.havana-gym.com\/de\/wp-json\/wp\/v2\/media?parent=243"}],"curies":[{"name":"wp","href":"https:\/\/api.w.org\/{rel}","templated":true}]}}