{"id":864,"date":"2019-01-31T13:10:07","date_gmt":"2019-01-31T12:10:07","guid":{"rendered":"https:\/\/www.havana-gym.com\/?page_id=864"},"modified":"2021-02-11T10:11:33","modified_gmt":"2021-02-11T09:11:33","slug":"onlinebuchung-angebote","status":"publish","type":"page","link":"https:\/\/www.havana-gym.com\/de\/onlinebuchung-angebote\/","title":{"rendered":"Onlinebuchung Angebote"},"content":{"rendered":"<div class=\"wpb-content-wrapper\"><p>[vc_row css_animation=&#8220;&#8220; row_type=&#8220;row&#8220; use_row_as_full_screen_section=&#8220;no&#8220; type=&#8220;grid&#8220; angled_section=&#8220;no&#8220; text_align=&#8220;left&#8220; background_image_as_pattern=&#8220;without_pattern&#8220; z_index=&#8220;&#8220;][vc_column][vc_empty_space][vc_column_text]<\/p>\n<h2>HAVANNA GYM ONLINE-ANGEBOTE BUCHEN<\/h2>\n<p>[\/vc_column_text][vc_empty_space][vc_column_text]Bitte w\u00e4hlen Sie im Formular das gew\u00fcnschte Online-Angebot aus und f\u00fcllen Sie die Felder komplett aus.<\/p>\n<h4>Zahlungsm\u00f6glichkeiten:<\/h4>\n<p><strong>Vorkasse \/ \u00dcberweisung<\/strong><br \/>\nNach Absenden der Nachricht finden Sie die Bankdaten in der Best\u00e4tigungsmail. Nach Eingang des Betrages auf unserem Konto erhalten Sie dann eine weitere Mail mit der Best\u00e4tigung. Bitte achten Sie darauf, das eine \u00dcberweisung 1-3 Tage dauern kann.[\/vc_column_text][vc_empty_space][vc_column_text]\n<div class=\"wpcf7 no-js\" id=\"wpcf7-f863-o1\" lang=\"es-ES\" dir=\"ltr\" data-wpcf7-id=\"863\">\n<div class=\"screen-reader-response\"><p role=\"status\" aria-live=\"polite\" aria-atomic=\"true\"><\/p> <ul><\/ul><\/div>\n<form action=\"\/de\/wp-json\/wp\/v2\/pages\/864#wpcf7-f863-o1\" method=\"post\" class=\"wpcf7-form init\" aria-label=\"Formulario de contacto\" novalidate=\"novalidate\" data-status=\"init\">\n<fieldset class=\"hidden-fields-container\"><input type=\"hidden\" name=\"_wpcf7\" value=\"863\" \/><input type=\"hidden\" name=\"_wpcf7_version\" value=\"6.1.5\" \/><input type=\"hidden\" name=\"_wpcf7_locale\" value=\"es_ES\" \/><input type=\"hidden\" name=\"_wpcf7_unit_tag\" value=\"wpcf7-f863-o1\" \/><input type=\"hidden\" name=\"_wpcf7_container_post\" value=\"0\" \/><input type=\"hidden\" name=\"_wpcf7_posted_data_hash\" value=\"\" \/><input type=\"hidden\" name=\"_wpcf7_recaptcha_response\" value=\"\" \/>\n<\/fieldset>\n<p><label> Dein Name (Pflichtfeld)<br \/>\n<span class=\"wpcf7-form-control-wrap\" data-name=\"your-name\"><input size=\"40\" maxlength=\"400\" class=\"wpcf7-form-control wpcf7-text wpcf7-validates-as-required\" aria-required=\"true\" aria-invalid=\"false\" value=\"\" type=\"text\" name=\"your-name\" \/><\/span> <\/label>\n<\/p>\n<p><label> Dein Vorname (Pflichtfeld)<br \/>\n<span class=\"wpcf7-form-control-wrap\" data-name=\"Vorname\"><input size=\"40\" maxlength=\"400\" class=\"wpcf7-form-control wpcf7-text\" aria-invalid=\"false\" value=\"\" type=\"text\" name=\"Vorname\" \/><\/span> <\/label>\n<\/p>\n<p><label> Deine E-Mail-Adresse (Pflichtfeld)<br \/>\n<span class=\"wpcf7-form-control-wrap\" data-name=\"your-email\"><input size=\"40\" maxlength=\"400\" class=\"wpcf7-form-control wpcf7-email wpcf7-validates-as-required wpcf7-text wpcf7-validates-as-email\" aria-required=\"true\" aria-invalid=\"false\" value=\"\" type=\"email\" name=\"your-email\" \/><\/span> <\/label>\n<\/p>\n<p><label>Kontakt via Whatsapp (optional)<br \/>\n<span class=\"wpcf7-form-control-wrap\" data-name=\"whatsapp\"><input size=\"40\" maxlength=\"400\" class=\"wpcf7-form-control wpcf7-text\" aria-invalid=\"false\" value=\"\" type=\"text\" name=\"whatsapp\" \/><\/span> <\/label>\n<\/p>\n<p><label> Ich m\u00f6chte folgendes Angebot buchen:<br \/>\n<span class=\"wpcf7-form-control-wrap\" data-name=\"Angebote\"><select class=\"wpcf7-form-control wpcf7-select wpcf7-validates-as-required\" aria-required=\"true\" aria-invalid=\"false\" name=\"Angebote\"><option value=\"1 Tag Training (10 Euro)\">1 Tag Training (10 Euro)<\/option><option value=\"1 Woche Training (25 Euro)\">1 Woche Training (25 Euro)<\/option><option value=\"2 Wochen Training (37 Euro)\">2 Wochen Training (37 Euro)<\/option><option value=\"1 Monat Training (50 Euro)\">1 Monat Training (50 Euro)<\/option><option value=\"3 Monate Training (120 Euro)\">3 Monate Training (120 Euro)<\/option><option value=\"6 Monate Training (210 Euro)\">6 Monate Training (210 Euro)<\/option><option value=\"1 Jahr Training (360 Euro)\">1 Jahr Training (360 Euro)<\/option><\/select><\/span> <\/label>\n<\/p>\n<p><label>Ich bezahle mit:<br \/>\n<span class=\"wpcf7-form-control-wrap\" data-name=\"zahlungsartD\"><span class=\"wpcf7-form-control wpcf7-radio\"><span class=\"wpcf7-list-item first last\"><input type=\"radio\" name=\"zahlungsartD\" value=\"An der Rezeption direkt\" checked=\"checked\" \/><span class=\"wpcf7-list-item-label\">An der Rezeption direkt<\/span><\/span><\/span><\/span> <\/label>\n<\/p>\n<p><label> Deine Nachricht<br \/>\n<span class=\"wpcf7-form-control-wrap\" data-name=\"your-message\"><textarea cols=\"40\" rows=\"10\" maxlength=\"2000\" class=\"wpcf7-form-control wpcf7-textarea\" aria-invalid=\"false\" name=\"your-message\"><\/textarea><\/span> <\/label>\n<\/p>\n<p>Ich habe die <a href=\"https:\/\/www.havana-gym.com\/de\/datenschutz\/\" rel=\"noopener\" target=\"_blank\"><strong>Datenschutzerkl\u00e4rung<\/strong><\/a> zur Kenntnis genommen. Ich stimme zu, dass meine Angaben und Daten zur Beantwortung meiner Anfrage elektronisch erhoben und gespeichert werden.<br \/>\nHinweis: Sie k\u00f6nnen Ihre Einwilligung jederzeit f\u00fcr die Zukunft per E-Mail an info@havana-gym.com widerrufen.\n<\/p>\n<p><span class=\"wpcf7-form-control-wrap\" data-name=\"zustimmung\"><span class=\"wpcf7-form-control wpcf7-acceptance\"><span class=\"wpcf7-list-item\"><label><input type=\"checkbox\" name=\"zustimmung\" value=\"1\" aria-invalid=\"false\" \/><span class=\"wpcf7-list-item-label\">Ja ich habe die Datenschutzerkl\u00e4rung gelesen und akzeptiere sie.<\/span><\/label><\/span><\/span><\/span>\n<\/p>\n<p><input class=\"wpcf7-form-control wpcf7-submit has-spinner\" type=\"submit\" value=\"Jetzt bestellen\" \/>\n<\/p><div class=\"wpcf7-response-output\" aria-hidden=\"true\"><\/div>\n<\/form>\n<\/div>\n[\/vc_column_text][vc_empty_space height=&#8220;50px&#8220;][\/vc_column][\/vc_row]<\/p>\n<div class=\"shariff\"><ul class=\"shariff-buttons theme-default orientation-horizontal buttonsize-medium\"><li class=\"shariff-button twitter shariff-nocustomcolor\" style=\"background-color:#1e3050\"><a href=\"https:\/\/twitter.com\/share?url=https%3A%2F%2Fwww.havana-gym.com%2Fde%2Fonlinebuchung-angebote%2F&text=Onlinebuchung%20Angebote\" title=\"Bei X (Twitter) teilen\" aria-label=\"Bei X (Twitter) teilen\" role=\"button\" rel=\"noreferrernoopener nofollow\" class=\"shariff-link\" style=\"; background-color:#000000; color:#fff\" target=\"_blank\"><span class=\"shariff-icon\" style=\"\"><svg xmlns=\"http:\/\/www.w3.org\/2000\/svg\" height=\"1em\" viewBox=\"0 0 512 512\"><!--! Font Awesome Free 6.4.2 by @fontawesome - https:\/\/fontawesome.com License - https:\/\/fontawesome.com\/license (Commercial License) Copyright 2023 Fonticons, Inc. --><style>svg{fill:#ffffff}<\/style><path d=\"M389.2 48h70.6L305.6 224.2 487 464H345L233.7 318.6 106.5 464H35.8L200.7 275.5 26.8 48H172.4L272.9 180.9 389.2 48zM364.4 421.8h39.1L151.1 88h-42L364.4 421.8z\"\/><\/svg><\/span><span class=\"shariff-text\">twittern<\/span>&nbsp;<\/a><\/li><li class=\"shariff-button facebook shariff-nocustomcolor\" style=\"background-color:#4273c8\"><a href=\"https:\/\/www.facebook.com\/sharer\/sharer.php?u=https%3A%2F%2Fwww.havana-gym.com%2Fde%2Fonlinebuchung-angebote%2F\" title=\"Bei Facebook teilen\" aria-label=\"Bei Facebook teilen\" role=\"button\" rel=\"noreferrernoopener nofollow\" class=\"shariff-link\" style=\"; background-color:#3b5998; color:#fff\" target=\"_blank\"><span class=\"shariff-icon\" style=\"\"><svg width=\"32px\" height=\"20px\" xmlns=\"http:\/\/www.w3.org\/2000\/svg\" viewBox=\"0 0 18 32\"><path fill=\"#3b5998\" d=\"M17.1 0.2v4.7h-2.8q-1.5 0-2.1 0.6t-0.5 1.9v3.4h5.2l-0.7 5.3h-4.5v13.6h-5.5v-13.6h-4.5v-5.3h4.5v-3.9q0-3.3 1.9-5.2t5-1.8q2.6 0 4.1 0.2z\"\/><\/svg><\/span><span class=\"shariff-text\">teilen<\/span>&nbsp;<\/a><\/li><li class=\"shariff-button whatsapp shariff-nocustomcolor\" style=\"background-color:#5cbe4a\"><a href=\"https:\/\/api.whatsapp.com\/send?text=https%3A%2F%2Fwww.havana-gym.com%2Fde%2Fonlinebuchung-angebote%2F%20Onlinebuchung%20Angebote\" title=\"Bei Whatsapp teilen\" aria-label=\"Bei Whatsapp teilen\" role=\"button\" rel=\"noreferrernoopener nofollow\" class=\"shariff-link\" style=\"; background-color:#34af23; color:#fff\" target=\"_blank\"><span class=\"shariff-icon\" style=\"\"><svg width=\"32px\" height=\"20px\" xmlns=\"http:\/\/www.w3.org\/2000\/svg\" viewBox=\"0 0 32 32\"><path fill=\"#34af23\" d=\"M17.6 17.4q0.2 0 1.7 0.8t1.6 0.9q0 0.1 0 0.3 0 0.6-0.3 1.4-0.3 0.7-1.3 1.2t-1.8 0.5q-1 0-3.4-1.1-1.7-0.8-3-2.1t-2.6-3.3q-1.3-1.9-1.3-3.5v-0.1q0.1-1.6 1.3-2.8 0.4-0.4 0.9-0.4 0.1 0 0.3 0t0.3 0q0.3 0 0.5 0.1t0.3 0.5q0.1 0.4 0.6 1.6t0.4 1.3q0 0.4-0.6 1t-0.6 0.8q0 0.1 0.1 0.3 0.6 1.3 1.8 2.4 1 0.9 2.7 1.8 0.2 0.1 0.4 0.1 0.3 0 1-0.9t0.9-0.9zM14 26.9q2.3 0 4.3-0.9t3.6-2.4 2.4-3.6 0.9-4.3-0.9-4.3-2.4-3.6-3.6-2.4-4.3-0.9-4.3 0.9-3.6 2.4-2.4 3.6-0.9 4.3q0 3.6 2.1 6.6l-1.4 4.2 4.3-1.4q2.8 1.9 6.2 1.9zM14 2.2q2.7 0 5.2 1.1t4.3 2.9 2.9 4.3 1.1 5.2-1.1 5.2-2.9 4.3-4.3 2.9-5.2 1.1q-3.5 0-6.5-1.7l-7.4 2.4 2.4-7.2q-1.9-3.2-1.9-6.9 0-2.7 1.1-5.2t2.9-4.3 4.3-2.9 5.2-1.1z\"\/><\/svg><\/span><span class=\"shariff-text\">teilen<\/span>&nbsp;<\/a><\/li><li class=\"shariff-button printer shariff-nocustomcolor\" style=\"background-color:#a8a8a8\"><a href=\"javascript:window.print()\" title=\"drucken\" aria-label=\"drucken\" role=\"button\" rel=\"noreferrernoopener nofollow\" class=\"shariff-link\" style=\"; background-color:#999; color:#fff\"><span class=\"shariff-icon\" style=\"\"><svg width=\"32px\" height=\"20px\" xmlns=\"http:\/\/www.w3.org\/2000\/svg\" viewBox=\"0 0 30 32\"><path fill=\"#999\" d=\"M6.8 27.4h16v-4.6h-16v4.6zM6.8 16h16v-6.8h-2.8q-0.7 0-1.2-0.5t-0.5-1.2v-2.8h-11.4v11.4zM27.4 17.2q0-0.5-0.3-0.8t-0.8-0.4-0.8 0.4-0.3 0.8 0.3 0.8 0.8 0.3 0.8-0.3 0.3-0.8zM29.7 17.2v7.4q0 0.2-0.2 0.4t-0.4 0.2h-4v2.8q0 0.7-0.5 1.2t-1.2 0.5h-17.2q-0.7 0-1.2-0.5t-0.5-1.2v-2.8h-4q-0.2 0-0.4-0.2t-0.2-0.4v-7.4q0-1.4 1-2.4t2.4-1h1.2v-9.7q0-0.7 0.5-1.2t1.2-0.5h12q0.7 0 1.6 0.4t1.3 0.8l2.7 2.7q0.5 0.5 0.9 1.4t0.4 1.6v4.6h1.1q1.4 0 2.4 1t1 2.4z\"\/><\/svg><\/span><span class=\"shariff-text\">drucken<\/span>&nbsp;<\/a><\/li><\/ul><\/div><\/div>","protected":false},"excerpt":{"rendered":"<p>[vc_row css_animation=&#8220;&#8220; row_type=&#8220;row&#8220; use_row_as_full_screen_section=&#8220;no&#8220; type=&#8220;grid&#8220; angled_section=&#8220;no&#8220; text_align=&#8220;left&#8220; background_image_as_pattern=&#8220;without_pattern&#8220; z_index=&#8220;&#8220;][vc_column][vc_empty_space][vc_column_text] HAVANNA GYM ONLINE-ANGEBOTE BUCHEN [\/vc_column_text][vc_empty_space][vc_column_text]Bitte w\u00e4hlen Sie im Formular das gew\u00fcnschte Online-Angebot aus und f\u00fcllen Sie die Felder komplett aus. Zahlungsm\u00f6glichkeiten: Vorkasse \/ \u00dcberweisung Nach Absenden der Nachricht finden Sie die Bankdaten in der Best\u00e4tigungsmail. Nach&#8230;<\/p>\n","protected":false},"author":1,"featured_media":0,"parent":0,"menu_order":0,"comment_status":"closed","ping_status":"closed","template":"full_width.php","meta":{"footnotes":""},"class_list":["post-864","page","type-page","status-publish","hentry"],"yoast_head":"<!-- This site is optimized with the Yoast SEO plugin v27.4 - https:\/\/yoast.com\/product\/yoast-seo-wordpress\/ -->\n<title>Onlinebuchung Angebote - Havana Gym<\/title>\n<meta name=\"robots\" content=\"index, follow, max-snippet:-1, max-image-preview:large, max-video-preview:-1\" \/>\n<link rel=\"canonical\" href=\"https:\/\/www.havana-gym.com\/de\/onlinebuchung-angebote\/\" \/>\n<meta property=\"og:locale\" content=\"de_DE\" \/>\n<meta property=\"og:type\" content=\"article\" \/>\n<meta property=\"og:title\" content=\"Onlinebuchung Angebote - Havana Gym\" \/>\n<meta property=\"og:description\" content=\"[vc_row css_animation=&#8220;&#8220; row_type=&#8220;row&#8220; use_row_as_full_screen_section=&#8220;no&#8220; type=&#8220;grid&#8220; angled_section=&#8220;no&#8220; text_align=&#8220;left&#8220; background_image_as_pattern=&#8220;without_pattern&#8220; z_index=&#8220;&#8220;][vc_column][vc_empty_space][vc_column_text] HAVANNA GYM ONLINE-ANGEBOTE BUCHEN [\/vc_column_text][vc_empty_space][vc_column_text]Bitte w\u00e4hlen Sie im Formular das gew\u00fcnschte Online-Angebot aus und f\u00fcllen Sie die Felder komplett aus. Zahlungsm\u00f6glichkeiten: Vorkasse \/ \u00dcberweisung Nach Absenden der Nachricht finden Sie die Bankdaten in der Best\u00e4tigungsmail. Nach...\" \/>\n<meta property=\"og:url\" content=\"https:\/\/www.havana-gym.com\/de\/onlinebuchung-angebote\/\" \/>\n<meta property=\"og:site_name\" content=\"Havana Gym\" \/>\n<meta property=\"article:modified_time\" content=\"2021-02-11T09:11:33+00:00\" \/>\n<meta name=\"twitter:card\" content=\"summary_large_image\" \/>\n<meta name=\"twitter:label1\" content=\"Gesch\u00e4tzte Lesezeit\" \/>\n\t<meta name=\"twitter:data1\" content=\"1\u00a0Minute\" \/>\n<script type=\"application\/ld+json\" class=\"yoast-schema-graph\">{\"@context\":\"https:\\\/\\\/schema.org\",\"@graph\":[{\"@type\":\"WebPage\",\"@id\":\"https:\\\/\\\/www.havana-gym.com\\\/de\\\/onlinebuchung-angebote\\\/\",\"url\":\"https:\\\/\\\/www.havana-gym.com\\\/de\\\/onlinebuchung-angebote\\\/\",\"name\":\"Onlinebuchung Angebote - Havana Gym\",\"isPartOf\":{\"@id\":\"https:\\\/\\\/www.havana-gym.com\\\/#website\"},\"datePublished\":\"2019-01-31T12:10:07+00:00\",\"dateModified\":\"2021-02-11T09:11:33+00:00\",\"breadcrumb\":{\"@id\":\"https:\\\/\\\/www.havana-gym.com\\\/de\\\/onlinebuchung-angebote\\\/#breadcrumb\"},\"inLanguage\":\"de\",\"potentialAction\":[{\"@type\":\"ReadAction\",\"target\":[\"https:\\\/\\\/www.havana-gym.com\\\/de\\\/onlinebuchung-angebote\\\/\"]}]},{\"@type\":\"BreadcrumbList\",\"@id\":\"https:\\\/\\\/www.havana-gym.com\\\/de\\\/onlinebuchung-angebote\\\/#breadcrumb\",\"itemListElement\":[{\"@type\":\"ListItem\",\"position\":1,\"name\":\"Startseite\",\"item\":\"https:\\\/\\\/www.havana-gym.com\\\/de\\\/\"},{\"@type\":\"ListItem\",\"position\":2,\"name\":\"Onlinebuchung Angebote\"}]},{\"@type\":\"WebSite\",\"@id\":\"https:\\\/\\\/www.havana-gym.com\\\/#website\",\"url\":\"https:\\\/\\\/www.havana-gym.com\\\/\",\"name\":\"Havana Gym\",\"description\":\"Personal Trainer Jose Luis Perez Megret | Maspalomas Gran Canaria\",\"potentialAction\":[{\"@type\":\"SearchAction\",\"target\":{\"@type\":\"EntryPoint\",\"urlTemplate\":\"https:\\\/\\\/www.havana-gym.com\\\/?s={search_term_string}\"},\"query-input\":{\"@type\":\"PropertyValueSpecification\",\"valueRequired\":true,\"valueName\":\"search_term_string\"}}],\"inLanguage\":\"de\"}]}<\/script>\n<!-- \/ Yoast SEO plugin. -->","yoast_head_json":{"title":"Onlinebuchung Angebote - Havana Gym","robots":{"index":"index","follow":"follow","max-snippet":"max-snippet:-1","max-image-preview":"max-image-preview:large","max-video-preview":"max-video-preview:-1"},"canonical":"https:\/\/www.havana-gym.com\/de\/onlinebuchung-angebote\/","og_locale":"de_DE","og_type":"article","og_title":"Onlinebuchung Angebote - Havana Gym","og_description":"[vc_row css_animation=&#8220;&#8220; row_type=&#8220;row&#8220; use_row_as_full_screen_section=&#8220;no&#8220; type=&#8220;grid&#8220; angled_section=&#8220;no&#8220; text_align=&#8220;left&#8220; background_image_as_pattern=&#8220;without_pattern&#8220; z_index=&#8220;&#8220;][vc_column][vc_empty_space][vc_column_text] HAVANNA GYM ONLINE-ANGEBOTE BUCHEN [\/vc_column_text][vc_empty_space][vc_column_text]Bitte w\u00e4hlen Sie im Formular das gew\u00fcnschte Online-Angebot aus und f\u00fcllen Sie die Felder komplett aus. Zahlungsm\u00f6glichkeiten: Vorkasse \/ \u00dcberweisung Nach Absenden der Nachricht finden Sie die Bankdaten in der Best\u00e4tigungsmail. Nach...","og_url":"https:\/\/www.havana-gym.com\/de\/onlinebuchung-angebote\/","og_site_name":"Havana Gym","article_modified_time":"2021-02-11T09:11:33+00:00","twitter_card":"summary_large_image","twitter_misc":{"Gesch\u00e4tzte Lesezeit":"1\u00a0Minute"},"schema":{"@context":"https:\/\/schema.org","@graph":[{"@type":"WebPage","@id":"https:\/\/www.havana-gym.com\/de\/onlinebuchung-angebote\/","url":"https:\/\/www.havana-gym.com\/de\/onlinebuchung-angebote\/","name":"Onlinebuchung Angebote - Havana Gym","isPartOf":{"@id":"https:\/\/www.havana-gym.com\/#website"},"datePublished":"2019-01-31T12:10:07+00:00","dateModified":"2021-02-11T09:11:33+00:00","breadcrumb":{"@id":"https:\/\/www.havana-gym.com\/de\/onlinebuchung-angebote\/#breadcrumb"},"inLanguage":"de","potentialAction":[{"@type":"ReadAction","target":["https:\/\/www.havana-gym.com\/de\/onlinebuchung-angebote\/"]}]},{"@type":"BreadcrumbList","@id":"https:\/\/www.havana-gym.com\/de\/onlinebuchung-angebote\/#breadcrumb","itemListElement":[{"@type":"ListItem","position":1,"name":"Startseite","item":"https:\/\/www.havana-gym.com\/de\/"},{"@type":"ListItem","position":2,"name":"Onlinebuchung Angebote"}]},{"@type":"WebSite","@id":"https:\/\/www.havana-gym.com\/#website","url":"https:\/\/www.havana-gym.com\/","name":"Havana Gym","description":"Personal Trainer Jose Luis Perez Megret | Maspalomas Gran Canaria","potentialAction":[{"@type":"SearchAction","target":{"@type":"EntryPoint","urlTemplate":"https:\/\/www.havana-gym.com\/?s={search_term_string}"},"query-input":{"@type":"PropertyValueSpecification","valueRequired":true,"valueName":"search_term_string"}}],"inLanguage":"de"}]}},"_links":{"self":[{"href":"https:\/\/www.havana-gym.com\/de\/wp-json\/wp\/v2\/pages\/864","targetHints":{"allow":["GET"]}}],"collection":[{"href":"https:\/\/www.havana-gym.com\/de\/wp-json\/wp\/v2\/pages"}],"about":[{"href":"https:\/\/www.havana-gym.com\/de\/wp-json\/wp\/v2\/types\/page"}],"author":[{"embeddable":true,"href":"https:\/\/www.havana-gym.com\/de\/wp-json\/wp\/v2\/users\/1"}],"replies":[{"embeddable":true,"href":"https:\/\/www.havana-gym.com\/de\/wp-json\/wp\/v2\/comments?post=864"}],"version-history":[{"count":9,"href":"https:\/\/www.havana-gym.com\/de\/wp-json\/wp\/v2\/pages\/864\/revisions"}],"predecessor-version":[{"id":1015,"href":"https:\/\/www.havana-gym.com\/de\/wp-json\/wp\/v2\/pages\/864\/revisions\/1015"}],"wp:attachment":[{"href":"https:\/\/www.havana-gym.com\/de\/wp-json\/wp\/v2\/media?parent=864"}],"curies":[{"name":"wp","href":"https:\/\/api.w.org\/{rel}","templated":true}]}}