{"id":930,"date":"2017-06-26T17:33:45","date_gmt":"2017-06-26T15:33:45","guid":{"rendered":"https:\/\/www.havana-gym.com\/servicios\/entrenamiento-en-grupos\/"},"modified":"2022-04-15T13:36:59","modified_gmt":"2022-04-15T11:36:59","slug":"entrenamiento-en-grupos","status":"publish","type":"page","link":"https:\/\/www.havana-gym.com\/en\/servicios\/entrenamiento-en-grupos\/","title":{"rendered":"Group workouts"},"content":{"rendered":"<div class=\"wpb-content-wrapper\"><p><img loading=\"lazy\" decoding=\"async\" class=\"alignnone size-medium wp-image-1064\" src=\"https:\/\/www.havana-gym.com\/wp-content\/uploads\/2022\/04\/Havana-Lounge-LOGO-Original-1-300x100.png\" alt=\"\" width=\"300\" height=\"100\" srcset=\"https:\/\/www.havana-gym.com\/wp-content\/uploads\/2022\/04\/Havana-Lounge-LOGO-Original-1-300x100.png 300w, https:\/\/www.havana-gym.com\/wp-content\/uploads\/2022\/04\/Havana-Lounge-LOGO-Original-1-1024x341.png 1024w, https:\/\/www.havana-gym.com\/wp-content\/uploads\/2022\/04\/Havana-Lounge-LOGO-Original-1-768x256.png 768w, https:\/\/www.havana-gym.com\/wp-content\/uploads\/2022\/04\/Havana-Lounge-LOGO-Original-1-1536x512.png 1536w, https:\/\/www.havana-gym.com\/wp-content\/uploads\/2022\/04\/Havana-Lounge-LOGO-Original-1-2048x683.png 2048w, https:\/\/www.havana-gym.com\/wp-content\/uploads\/2022\/04\/Havana-Lounge-LOGO-Original-1-700x233.png 700w\" sizes=\"auto, (max-width: 300px) 100vw, 300px\" \/>[vc_row css_animation=&#8221;&#8221; row_type=&#8221;row&#8221; use_row_as_full_screen_section=&#8221;no&#8221; type=&#8221;full_width&#8221; angled_section=&#8221;no&#8221; text_align=&#8221;left&#8221; background_image_as_pattern=&#8221;without_pattern&#8221;][vc_column][vc_column_text]<\/p>\n<p><img loading=\"lazy\" decoding=\"async\" class=\"size-full wp-image-453 aligncenter\" src=\"https:\/\/www.havana-gym.com\/wp-content\/uploads\/2017\/06\/gruppentraining.jpg\" alt=\"\" width=\"1000\" height=\"400\" srcset=\"https:\/\/www.havana-gym.com\/wp-content\/uploads\/2017\/06\/gruppentraining.jpg 1000w, https:\/\/www.havana-gym.com\/wp-content\/uploads\/2017\/06\/gruppentraining-300x120.jpg 300w, https:\/\/www.havana-gym.com\/wp-content\/uploads\/2017\/06\/gruppentraining-768x307.jpg 768w, https:\/\/www.havana-gym.com\/wp-content\/uploads\/2017\/06\/gruppentraining-700x280.jpg 700w\" sizes=\"auto, (max-width: 1000px) 100vw, 1000px\" \/>[vc_separator type=&#8217;transparent&#8217; position=&#8217;center&#8217; color=&#8221; thickness=&#8221; up=&#8217;15&#8217; down=&#8217;15&#8217;]<\/p>\n<h3>Gemeinsames Training<\/h3>\n<p>[vc_separator type=&#8217;transparent&#8217; position=&#8217;center&#8217; color=&#8221; thickness=&#8221; up=&#8217;15&#8217; down=&#8217;15&#8217;]<\/p>\n<p style=\"text-align: justify;\">Du trainierst lieber in der Gruppe? Statt alleine im Fokus zu stehen bist Du lieber Teil eines Ganzen? Dann erkundige Dich nach unseren aktuellen Gruppen-Trainings und finde den Partner oder die Gruppe, die zu Dir und Deinem Trainingsplan passt.<\/p>\n<p>[vc_separator type=&#8217;transparent&#8217; position=&#8217;center&#8217; color=&#8221; thickness=&#8221; up=&#8217;15&#8217; down=&#8217;15&#8217;]<\/p>\n<p><strong>Fitness f\u00fcr M\u00fctter<\/strong> \/\/\u00a0F\u00fcr frischgebackene Mamas ist es gar nicht so einfach, nach der Schwangerschaft Sport zu treiben oder sich was Gutes zu tun. Im Havana Gym werden M\u00fctter beim Wunsch nach mehr Fitness unterst\u00fctzt. Damit die\u00a0Schwangerschaftspfunde schnell wieder purzeln&#8230;<\/p>\n<p>[vc_separator type=&#8217;transparent&#8217; position=&#8217;center&#8217; color=&#8221; thickness=&#8221; up=&#8217;15&#8217; down=&#8217;15&#8217;]<\/p>\n<p><strong>Healthy employees<\/strong> \/\/ Gerne trainieren Jorge und sein Team auch Arbeitskollegen. Im Havana Gym werden spezielle \u00a0&#8220;Healthy employees&#8221;-Pakete f\u00fcr Firmen angeboten, Fitness-Angebote f\u00fcr Mitarbeiter von Unternehmen. Chefs profitieren schlie\u00dflich von sportlichen und gesunden Angestellten.<\/p>\n<p>[vc_separator type=&#8217;transparent&#8217; position=&#8217;center&#8217; color=&#8221; thickness=&#8221; up=&#8217;15&#8217; down=&#8217;15&#8217;]<\/p>\n<p>[\/vc_column_text][\/vc_column][\/vc_row][vc_row css_animation=&#8221;&#8221; row_type=&#8221;row&#8221; use_row_as_full_screen_section=&#8221;no&#8221; type=&#8221;full_width&#8221; angled_section=&#8221;no&#8221; text_align=&#8221;center&#8221; background_image_as_pattern=&#8221;without_pattern&#8221; css=&#8221;.vc_custom_1500373214539{padding-top: 53px !important;padding-bottom: 53px !important;background-color: #de4039 !important;}&#8221;][vc_column][qode_elements_holder background_color=&#8221;#de4039&#8243; number_of_columns=&#8221;two_columns&#8221; columns_proportion=&#8221;66_33&#8243;][qode_elements_holder_item item_padding=&#8221;0 0 0 0&#8243; vertical_alignment=&#8221;middle&#8221; advanced_animations=&#8221;no&#8221;][vc_column_text]<\/p>\n<h3 style=\"text-align: left;\"><span style=\"color: #ffffff;\">CALL US AND FIND OUT MORE ABOUT OUR GROUP TRAININGS<\/span><\/h3>\n<p>[\/vc_column_text][\/qode_elements_holder_item][qode_elements_holder_item item_padding=&#8221;0 0 0 0&#8243; vertical_alignment=&#8221;middle&#8221; advanced_animations=&#8221;no&#8221;]<a  itemprop=\"url\" href=\"https:\/\/www.havana-gym.com\/en\/contact\" target=\"_self\"  class=\"qbutton  small white default\" style=\"\">TLF 659 540 954<\/a>[\/qode_elements_holder_item][\/qode_elements_holder][\/vc_column][\/vc_row]<\/p>\n<div class=\"shariff\"><ul class=\"shariff-buttons theme-default orientation-horizontal buttonsize-medium\"><li class=\"shariff-button twitter shariff-nocustomcolor\" style=\"background-color:#1e3050\"><a href=\"https:\/\/twitter.com\/share?url=https%3A%2F%2Fwww.havana-gym.com%2Fen%2Fservicios%2Fentrenamiento-en-grupos%2F&text=Group%20workouts\" title=\"Share on X (Twitter)\" aria-label=\"Share on X (Twitter)\" role=\"button\" rel=\"noreferrernoopener nofollow\" class=\"shariff-link\" style=\"; background-color:#000000; color:#fff\" target=\"_blank\"><span class=\"shariff-icon\" style=\"\"><svg xmlns=\"http:\/\/www.w3.org\/2000\/svg\" height=\"1em\" viewBox=\"0 0 512 512\"><!--! Font Awesome Free 6.4.2 by @fontawesome - https:\/\/fontawesome.com License - https:\/\/fontawesome.com\/license (Commercial License) Copyright 2023 Fonticons, Inc. --><style>svg{fill:#ffffff}<\/style><path d=\"M389.2 48h70.6L305.6 224.2 487 464H345L233.7 318.6 106.5 464H35.8L200.7 275.5 26.8 48H172.4L272.9 180.9 389.2 48zM364.4 421.8h39.1L151.1 88h-42L364.4 421.8z\"\/><\/svg><\/span><span class=\"shariff-text\">tweet<\/span>&nbsp;<\/a><\/li><li class=\"shariff-button facebook shariff-nocustomcolor\" style=\"background-color:#4273c8\"><a href=\"https:\/\/www.facebook.com\/sharer\/sharer.php?u=https%3A%2F%2Fwww.havana-gym.com%2Fen%2Fservicios%2Fentrenamiento-en-grupos%2F\" title=\"Share on Facebook\" aria-label=\"Share on Facebook\" role=\"button\" rel=\"noreferrernoopener nofollow\" class=\"shariff-link\" style=\"; background-color:#3b5998; color:#fff\" target=\"_blank\"><span class=\"shariff-icon\" style=\"\"><svg width=\"32px\" height=\"20px\" xmlns=\"http:\/\/www.w3.org\/2000\/svg\" viewBox=\"0 0 18 32\"><path fill=\"#3b5998\" d=\"M17.1 0.2v4.7h-2.8q-1.5 0-2.1 0.6t-0.5 1.9v3.4h5.2l-0.7 5.3h-4.5v13.6h-5.5v-13.6h-4.5v-5.3h4.5v-3.9q0-3.3 1.9-5.2t5-1.8q2.6 0 4.1 0.2z\"\/><\/svg><\/span><span class=\"shariff-text\">share<\/span>&nbsp;<\/a><\/li><li class=\"shariff-button whatsapp shariff-nocustomcolor\" style=\"background-color:#5cbe4a\"><a href=\"https:\/\/api.whatsapp.com\/send?text=https%3A%2F%2Fwww.havana-gym.com%2Fen%2Fservicios%2Fentrenamiento-en-grupos%2F%20Group%20workouts\" title=\"Share on Whatsapp\" aria-label=\"Share on Whatsapp\" role=\"button\" rel=\"noreferrernoopener nofollow\" class=\"shariff-link\" style=\"; background-color:#34af23; color:#fff\" target=\"_blank\"><span class=\"shariff-icon\" style=\"\"><svg width=\"32px\" height=\"20px\" xmlns=\"http:\/\/www.w3.org\/2000\/svg\" viewBox=\"0 0 32 32\"><path fill=\"#34af23\" d=\"M17.6 17.4q0.2 0 1.7 0.8t1.6 0.9q0 0.1 0 0.3 0 0.6-0.3 1.4-0.3 0.7-1.3 1.2t-1.8 0.5q-1 0-3.4-1.1-1.7-0.8-3-2.1t-2.6-3.3q-1.3-1.9-1.3-3.5v-0.1q0.1-1.6 1.3-2.8 0.4-0.4 0.9-0.4 0.1 0 0.3 0t0.3 0q0.3 0 0.5 0.1t0.3 0.5q0.1 0.4 0.6 1.6t0.4 1.3q0 0.4-0.6 1t-0.6 0.8q0 0.1 0.1 0.3 0.6 1.3 1.8 2.4 1 0.9 2.7 1.8 0.2 0.1 0.4 0.1 0.3 0 1-0.9t0.9-0.9zM14 26.9q2.3 0 4.3-0.9t3.6-2.4 2.4-3.6 0.9-4.3-0.9-4.3-2.4-3.6-3.6-2.4-4.3-0.9-4.3 0.9-3.6 2.4-2.4 3.6-0.9 4.3q0 3.6 2.1 6.6l-1.4 4.2 4.3-1.4q2.8 1.9 6.2 1.9zM14 2.2q2.7 0 5.2 1.1t4.3 2.9 2.9 4.3 1.1 5.2-1.1 5.2-2.9 4.3-4.3 2.9-5.2 1.1q-3.5 0-6.5-1.7l-7.4 2.4 2.4-7.2q-1.9-3.2-1.9-6.9 0-2.7 1.1-5.2t2.9-4.3 4.3-2.9 5.2-1.1z\"\/><\/svg><\/span><span class=\"shariff-text\">share<\/span>&nbsp;<\/a><\/li><li class=\"shariff-button printer shariff-nocustomcolor\" style=\"background-color:#a8a8a8\"><a href=\"javascript:window.print()\" title=\"print\" aria-label=\"print\" role=\"button\" rel=\"noreferrernoopener nofollow\" class=\"shariff-link\" style=\"; background-color:#999; color:#fff\"><span class=\"shariff-icon\" style=\"\"><svg width=\"32px\" height=\"20px\" xmlns=\"http:\/\/www.w3.org\/2000\/svg\" viewBox=\"0 0 30 32\"><path fill=\"#999\" d=\"M6.8 27.4h16v-4.6h-16v4.6zM6.8 16h16v-6.8h-2.8q-0.7 0-1.2-0.5t-0.5-1.2v-2.8h-11.4v11.4zM27.4 17.2q0-0.5-0.3-0.8t-0.8-0.4-0.8 0.4-0.3 0.8 0.3 0.8 0.8 0.3 0.8-0.3 0.3-0.8zM29.7 17.2v7.4q0 0.2-0.2 0.4t-0.4 0.2h-4v2.8q0 0.7-0.5 1.2t-1.2 0.5h-17.2q-0.7 0-1.2-0.5t-0.5-1.2v-2.8h-4q-0.2 0-0.4-0.2t-0.2-0.4v-7.4q0-1.4 1-2.4t2.4-1h1.2v-9.7q0-0.7 0.5-1.2t1.2-0.5h12q0.7 0 1.6 0.4t1.3 0.8l2.7 2.7q0.5 0.5 0.9 1.4t0.4 1.6v4.6h1.1q1.4 0 2.4 1t1 2.4z\"\/><\/svg><\/span><span class=\"shariff-text\">print<\/span>&nbsp;<\/a><\/li><\/ul><\/div><\/div>","protected":false},"excerpt":{"rendered":"<p>[vc_row css_animation=&#8221;&#8221; row_type=&#8221;row&#8221; use_row_as_full_screen_section=&#8221;no&#8221; type=&#8221;full_width&#8221; angled_section=&#8221;no&#8221; text_align=&#8221;left&#8221; background_image_as_pattern=&#8221;without_pattern&#8221;][vc_column][vc_column_text] [vc_separator type=&#8217;transparent&#8217; position=&#8217;center&#8217; color=&#8221; thickness=&#8221; up=&#8217;15&#8217; down=&#8217;15&#8217;] Gemeinsames Training [vc_separator type=&#8217;transparent&#8217; position=&#8217;center&#8217; color=&#8221; thickness=&#8221; up=&#8217;15&#8217; down=&#8217;15&#8217;] Du trainierst lieber in der Gruppe? Statt alleine im Fokus zu stehen bist Du lieber Teil eines Ganzen? Dann erkundige Dich&#8230;<\/p>\n","protected":false},"author":2,"featured_media":0,"parent":925,"menu_order":0,"comment_status":"closed","ping_status":"closed","template":"","meta":{"footnotes":""},"class_list":["post-930","page","type-page","status-publish","hentry"],"yoast_head":"<!-- This site is optimized with the Yoast SEO plugin v27.5 - https:\/\/yoast.com\/product\/yoast-seo-wordpress\/ -->\n<title>Group workouts - Havana Gym<\/title>\n<meta name=\"robots\" content=\"index, follow, max-snippet:-1, max-image-preview:large, max-video-preview:-1\" \/>\n<link rel=\"canonical\" href=\"https:\/\/www.havana-gym.com\/en\/servicios\/entrenamiento-en-grupos\/\" \/>\n<meta property=\"og:locale\" content=\"en_US\" \/>\n<meta property=\"og:type\" content=\"article\" \/>\n<meta property=\"og:title\" content=\"Group workouts - Havana Gym\" \/>\n<meta property=\"og:description\" content=\"[vc_row css_animation=&#8221;&#8221; row_type=&#8221;row&#8221; use_row_as_full_screen_section=&#8221;no&#8221; type=&#8221;full_width&#8221; angled_section=&#8221;no&#8221; text_align=&#8221;left&#8221; background_image_as_pattern=&#8221;without_pattern&#8221;][vc_column][vc_column_text] [vc_separator type=&#8217;transparent&#8217; position=&#8217;center&#8217; color=&#8221; thickness=&#8221; up=&#8217;15&#8217; down=&#8217;15&#8217;] Gemeinsames Training [vc_separator type=&#8217;transparent&#8217; position=&#8217;center&#8217; color=&#8221; thickness=&#8221; up=&#8217;15&#8217; down=&#8217;15&#8217;] Du trainierst lieber in der Gruppe? Statt alleine im Fokus zu stehen bist Du lieber Teil eines Ganzen? Dann erkundige Dich...\" \/>\n<meta property=\"og:url\" content=\"https:\/\/www.havana-gym.com\/en\/servicios\/entrenamiento-en-grupos\/\" \/>\n<meta property=\"og:site_name\" content=\"Havana Gym\" \/>\n<meta property=\"article:modified_time\" content=\"2022-04-15T11:36:59+00:00\" \/>\n<meta property=\"og:image\" content=\"https:\/\/www.havana-gym.com\/wp-content\/uploads\/2022\/04\/Havana-Lounge-LOGO-Original-1-300x100.png\" \/>\n<meta name=\"twitter:card\" content=\"summary_large_image\" \/>\n<meta name=\"twitter:label1\" content=\"Est. reading time\" \/>\n\t<meta name=\"twitter:data1\" content=\"2 minutes\" \/>\n<script type=\"application\/ld+json\" class=\"yoast-schema-graph\">{\"@context\":\"https:\\\/\\\/schema.org\",\"@graph\":[{\"@type\":\"WebPage\",\"@id\":\"https:\\\/\\\/www.havana-gym.com\\\/en\\\/servicios\\\/entrenamiento-en-grupos\\\/\",\"url\":\"https:\\\/\\\/www.havana-gym.com\\\/en\\\/servicios\\\/entrenamiento-en-grupos\\\/\",\"name\":\"Group workouts - Havana Gym\",\"isPartOf\":{\"@id\":\"https:\\\/\\\/www.havana-gym.com\\\/#website\"},\"primaryImageOfPage\":{\"@id\":\"https:\\\/\\\/www.havana-gym.com\\\/en\\\/servicios\\\/entrenamiento-en-grupos\\\/#primaryimage\"},\"image\":{\"@id\":\"https:\\\/\\\/www.havana-gym.com\\\/en\\\/servicios\\\/entrenamiento-en-grupos\\\/#primaryimage\"},\"thumbnailUrl\":\"https:\\\/\\\/www.havana-gym.com\\\/wp-content\\\/uploads\\\/2022\\\/04\\\/Havana-Lounge-LOGO-Original-1-300x100.png\",\"datePublished\":\"2017-06-26T15:33:45+00:00\",\"dateModified\":\"2022-04-15T11:36:59+00:00\",\"breadcrumb\":{\"@id\":\"https:\\\/\\\/www.havana-gym.com\\\/en\\\/servicios\\\/entrenamiento-en-grupos\\\/#breadcrumb\"},\"inLanguage\":\"en-US\",\"potentialAction\":[{\"@type\":\"ReadAction\",\"target\":[\"https:\\\/\\\/www.havana-gym.com\\\/en\\\/servicios\\\/entrenamiento-en-grupos\\\/\"]}]},{\"@type\":\"ImageObject\",\"inLanguage\":\"en-US\",\"@id\":\"https:\\\/\\\/www.havana-gym.com\\\/en\\\/servicios\\\/entrenamiento-en-grupos\\\/#primaryimage\",\"url\":\"https:\\\/\\\/www.havana-gym.com\\\/wp-content\\\/uploads\\\/2022\\\/04\\\/Havana-Lounge-LOGO-Original-1-300x100.png\",\"contentUrl\":\"https:\\\/\\\/www.havana-gym.com\\\/wp-content\\\/uploads\\\/2022\\\/04\\\/Havana-Lounge-LOGO-Original-1-300x100.png\"},{\"@type\":\"BreadcrumbList\",\"@id\":\"https:\\\/\\\/www.havana-gym.com\\\/en\\\/servicios\\\/entrenamiento-en-grupos\\\/#breadcrumb\",\"itemListElement\":[{\"@type\":\"ListItem\",\"position\":1,\"name\":\"Startseite\",\"item\":\"https:\\\/\\\/www.havana-gym.com\\\/en\\\/\"},{\"@type\":\"ListItem\",\"position\":2,\"name\":\"Services\",\"item\":\"https:\\\/\\\/www.havana-gym.com\\\/en\\\/servicios\\\/\"},{\"@type\":\"ListItem\",\"position\":3,\"name\":\"Group workouts\"}]},{\"@type\":\"WebSite\",\"@id\":\"https:\\\/\\\/www.havana-gym.com\\\/#website\",\"url\":\"https:\\\/\\\/www.havana-gym.com\\\/\",\"name\":\"Havana Gym\",\"description\":\"Personal Trainer Jose Luis Perez Megret | Maspalomas Gran Canaria\",\"potentialAction\":[{\"@type\":\"SearchAction\",\"target\":{\"@type\":\"EntryPoint\",\"urlTemplate\":\"https:\\\/\\\/www.havana-gym.com\\\/?s={search_term_string}\"},\"query-input\":{\"@type\":\"PropertyValueSpecification\",\"valueRequired\":true,\"valueName\":\"search_term_string\"}}],\"inLanguage\":\"en-US\"}]}<\/script>\n<!-- \/ Yoast SEO plugin. -->","yoast_head_json":{"title":"Group workouts - Havana Gym","robots":{"index":"index","follow":"follow","max-snippet":"max-snippet:-1","max-image-preview":"max-image-preview:large","max-video-preview":"max-video-preview:-1"},"canonical":"https:\/\/www.havana-gym.com\/en\/servicios\/entrenamiento-en-grupos\/","og_locale":"en_US","og_type":"article","og_title":"Group workouts - Havana Gym","og_description":"[vc_row css_animation=&#8221;&#8221; row_type=&#8221;row&#8221; use_row_as_full_screen_section=&#8221;no&#8221; type=&#8221;full_width&#8221; angled_section=&#8221;no&#8221; text_align=&#8221;left&#8221; background_image_as_pattern=&#8221;without_pattern&#8221;][vc_column][vc_column_text] [vc_separator type=&#8217;transparent&#8217; position=&#8217;center&#8217; color=&#8221; thickness=&#8221; up=&#8217;15&#8217; down=&#8217;15&#8217;] Gemeinsames Training [vc_separator type=&#8217;transparent&#8217; position=&#8217;center&#8217; color=&#8221; thickness=&#8221; up=&#8217;15&#8217; down=&#8217;15&#8217;] Du trainierst lieber in der Gruppe? Statt alleine im Fokus zu stehen bist Du lieber Teil eines Ganzen? Dann erkundige Dich...","og_url":"https:\/\/www.havana-gym.com\/en\/servicios\/entrenamiento-en-grupos\/","og_site_name":"Havana Gym","article_modified_time":"2022-04-15T11:36:59+00:00","og_image":[{"url":"https:\/\/www.havana-gym.com\/wp-content\/uploads\/2022\/04\/Havana-Lounge-LOGO-Original-1-300x100.png","type":"","width":"","height":""}],"twitter_card":"summary_large_image","twitter_misc":{"Est. reading time":"2 minutes"},"schema":{"@context":"https:\/\/schema.org","@graph":[{"@type":"WebPage","@id":"https:\/\/www.havana-gym.com\/en\/servicios\/entrenamiento-en-grupos\/","url":"https:\/\/www.havana-gym.com\/en\/servicios\/entrenamiento-en-grupos\/","name":"Group workouts - Havana Gym","isPartOf":{"@id":"https:\/\/www.havana-gym.com\/#website"},"primaryImageOfPage":{"@id":"https:\/\/www.havana-gym.com\/en\/servicios\/entrenamiento-en-grupos\/#primaryimage"},"image":{"@id":"https:\/\/www.havana-gym.com\/en\/servicios\/entrenamiento-en-grupos\/#primaryimage"},"thumbnailUrl":"https:\/\/www.havana-gym.com\/wp-content\/uploads\/2022\/04\/Havana-Lounge-LOGO-Original-1-300x100.png","datePublished":"2017-06-26T15:33:45+00:00","dateModified":"2022-04-15T11:36:59+00:00","breadcrumb":{"@id":"https:\/\/www.havana-gym.com\/en\/servicios\/entrenamiento-en-grupos\/#breadcrumb"},"inLanguage":"en-US","potentialAction":[{"@type":"ReadAction","target":["https:\/\/www.havana-gym.com\/en\/servicios\/entrenamiento-en-grupos\/"]}]},{"@type":"ImageObject","inLanguage":"en-US","@id":"https:\/\/www.havana-gym.com\/en\/servicios\/entrenamiento-en-grupos\/#primaryimage","url":"https:\/\/www.havana-gym.com\/wp-content\/uploads\/2022\/04\/Havana-Lounge-LOGO-Original-1-300x100.png","contentUrl":"https:\/\/www.havana-gym.com\/wp-content\/uploads\/2022\/04\/Havana-Lounge-LOGO-Original-1-300x100.png"},{"@type":"BreadcrumbList","@id":"https:\/\/www.havana-gym.com\/en\/servicios\/entrenamiento-en-grupos\/#breadcrumb","itemListElement":[{"@type":"ListItem","position":1,"name":"Startseite","item":"https:\/\/www.havana-gym.com\/en\/"},{"@type":"ListItem","position":2,"name":"Services","item":"https:\/\/www.havana-gym.com\/en\/servicios\/"},{"@type":"ListItem","position":3,"name":"Group workouts"}]},{"@type":"WebSite","@id":"https:\/\/www.havana-gym.com\/#website","url":"https:\/\/www.havana-gym.com\/","name":"Havana Gym","description":"Personal Trainer Jose Luis Perez Megret | Maspalomas Gran Canaria","potentialAction":[{"@type":"SearchAction","target":{"@type":"EntryPoint","urlTemplate":"https:\/\/www.havana-gym.com\/?s={search_term_string}"},"query-input":{"@type":"PropertyValueSpecification","valueRequired":true,"valueName":"search_term_string"}}],"inLanguage":"en-US"}]}},"_links":{"self":[{"href":"https:\/\/www.havana-gym.com\/en\/wp-json\/wp\/v2\/pages\/930","targetHints":{"allow":["GET"]}}],"collection":[{"href":"https:\/\/www.havana-gym.com\/en\/wp-json\/wp\/v2\/pages"}],"about":[{"href":"https:\/\/www.havana-gym.com\/en\/wp-json\/wp\/v2\/types\/page"}],"author":[{"embeddable":true,"href":"https:\/\/www.havana-gym.com\/en\/wp-json\/wp\/v2\/users\/2"}],"replies":[{"embeddable":true,"href":"https:\/\/www.havana-gym.com\/en\/wp-json\/wp\/v2\/comments?post=930"}],"version-history":[{"count":3,"href":"https:\/\/www.havana-gym.com\/en\/wp-json\/wp\/v2\/pages\/930\/revisions"}],"predecessor-version":[{"id":1134,"href":"https:\/\/www.havana-gym.com\/en\/wp-json\/wp\/v2\/pages\/930\/revisions\/1134"}],"up":[{"embeddable":true,"href":"https:\/\/www.havana-gym.com\/en\/wp-json\/wp\/v2\/pages\/925"}],"wp:attachment":[{"href":"https:\/\/www.havana-gym.com\/en\/wp-json\/wp\/v2\/media?parent=930"}],"curies":[{"name":"wp","href":"https:\/\/api.w.org\/{rel}","templated":true}]}}